{"id":847,"date":"2023-11-30T15:00:06","date_gmt":"2023-11-30T20:00:06","guid":{"rendered":"https:\/\/neuro.molecularcodedev.com\/?page_id=847"},"modified":"2025-08-31T10:03:00","modified_gmt":"2025-08-31T14:03:00","slug":"politique-de-confidentialite","status":"publish","type":"page","link":"https:\/\/neuro.molecularcodedev.com\/fr\/politique-de-confidentialite\/","title":{"rendered":"Politique de confidentialit\u00e9"},"content":{"rendered":"<p>[et_pb_section fb_built=\u00a0\u00bb1&Prime; admin_label=\u00a0\u00bbsection\u00a0\u00bb _builder_version=\u00a0\u00bb4.16&Prime; custom_padding=\u00a0\u00bb|||1px||\u00a0\u00bb da_disable_devices=\u00a0\u00bboff|off|off\u00a0\u00bb locked=\u00a0\u00bboff\u00a0\u00bb global_colors_info=\u00a0\u00bb{}\u00a0\u00bb da_is_popup=\u00a0\u00bboff\u00a0\u00bb da_exit_intent=\u00a0\u00bboff\u00a0\u00bb da_has_close=\u00a0\u00bbon\u00a0\u00bb da_alt_close=\u00a0\u00bboff\u00a0\u00bb da_dark_close=\u00a0\u00bboff\u00a0\u00bb da_not_modal=\u00a0\u00bbon\u00a0\u00bb da_is_singular=\u00a0\u00bboff\u00a0\u00bb da_with_loader=\u00a0\u00bboff\u00a0\u00bb da_has_shadow=\u00a0\u00bbon\u00a0\u00bb][et_pb_row admin_label=\u00a0\u00bbrow\u00a0\u00bb _builder_version=\u00a0\u00bb4.16&Prime; background_size=\u00a0\u00bbinitial\u00a0\u00bb background_position=\u00a0\u00bbtop_left\u00a0\u00bb background_repeat=\u00a0\u00bbrepeat\u00a0\u00bb global_colors_info=\u00a0\u00bb{}\u00a0\u00bb][et_pb_column type=\u00a0\u00bb4_4&Prime; _builder_version=\u00a0\u00bb4.16&Prime; custom_padding=\u00a0\u00bb|||\u00a0\u00bb global_colors_info=\u00a0\u00bb{}\u00a0\u00bb custom_padding__hover=\u00a0\u00bb|||\u00a0\u00bb][et_pb_heading title=\u00a0\u00bbPolitique de confidentialit\u00e9\u00a0\u00bb _builder_version=\u00a0\u00bb4.27.4&Prime; _module_preset=\u00a0\u00bbdefault\u00a0\u00bb title_font=\u00a0\u00bb|||||on|||\u00a0\u00bb title_text_align=\u00a0\u00bbleft\u00a0\u00bb title_text_color=\u00a0\u00bb#2A363B\u00a0\u00bb global_colors_info=\u00a0\u00bb{}\u00a0\u00bb][\/et_pb_heading][et_pb_text admin_label=\u00a0\u00bbText\u00a0\u00bb _builder_version=\u00a0\u00bb4.27.4&Prime; background_size=\u00a0\u00bbinitial\u00a0\u00bb background_position=\u00a0\u00bbtop_left\u00a0\u00bb background_repeat=\u00a0\u00bbrepeat\u00a0\u00bb global_colors_info=\u00a0\u00bb{}\u00a0\u00bb]<\/p>\n<p>Derni\u00e8re mise \u00e0 jour : 21 juillet 2025<\/p>\n<p>[\/et_pb_text][et_pb_text admin_label=\u00a0\u00bbText\u00a0\u00bb _builder_version=\u00a0\u00bb4.27.4&Prime; background_size=\u00a0\u00bbinitial\u00a0\u00bb background_position=\u00a0\u00bbtop_left\u00a0\u00bb background_repeat=\u00a0\u00bbrepeat\u00a0\u00bb hover_enabled=\u00a0\u00bb0&Prime; global_colors_info=\u00a0\u00bb{}\u00a0\u00bb sticky_enabled=\u00a0\u00bb0&Prime;]<\/p>\n<p>Neuropsy Sanitas Inc.<br \/>Complexe de Sant\u00e9 Reine Elizabeth, suite 343<br \/>2100, Avenue de Marlowe,<br \/>Montr\u00e9al, Qu\u00e9bec, Canada, H4A 3L5<br \/><strong>T\u00e9l\u00e9phone :<\/strong> <a href=\"tel:5144247095\">514-424-7095<\/a><br \/><strong>Courriel :<\/strong> <a href=\"mailto:info@neuropsysanitas.ca\">info@neuropsysanitas.ca<\/a><br \/><strong>Site web :<\/strong> neuropsysanitas.ca<br \/><strong>Responsable de la protection de la vie priv\u00e9e :<\/strong> Selma Greffou<\/p>\n<p>[\/et_pb_text][et_pb_text admin_label=\u00a0\u00bbText\u00a0\u00bb _builder_version=\u00a0\u00bb4.27.4&Prime; background_size=\u00a0\u00bbinitial\u00a0\u00bb background_position=\u00a0\u00bbtop_left\u00a0\u00bb background_repeat=\u00a0\u00bbrepeat\u00a0\u00bb global_colors_info=\u00a0\u00bb{}\u00a0\u00bb]<\/p>\n<h4 class=\"wp-block-heading\">1. Objet<\/h4>\n<p>Neuropsy Sanitas Inc. s&rsquo;engage \u00e0 prot\u00e9ger votre vie priv\u00e9e et la confidentialit\u00e9 de vos renseignements personnels, conform\u00e9ment \u00e0 la Loi 25 du Qu\u00e9bec. Cette politique explique comment nous recueillons, utilisons, divulguons et prot\u00e9geons vos informations lorsque vous utilisez nos services cliniques ou notre site web.<\/p>\n<p>[\/et_pb_text][et_pb_text admin_label=\u00a0\u00bbText\u00a0\u00bb _builder_version=\u00a0\u00bb4.27.4&Prime; background_size=\u00a0\u00bbinitial\u00a0\u00bb background_position=\u00a0\u00bbtop_left\u00a0\u00bb background_repeat=\u00a0\u00bbrepeat\u00a0\u00bb global_colors_info=\u00a0\u00bb{}\u00a0\u00bb]<\/p>\n<h4 class=\"wp-block-heading\">2. Informations recueillies<\/h4>\n<p>Nous recueillons uniquement les renseignements n\u00e9cessaires pour offrir des services de neuropsychologie aux enfants et aux adultes, en pr\u00e9sentiel ou en t\u00e9l\u00e9sant\u00e9. Nous pouvons \u00e9galement recueillir certaines donn\u00e9es techniques via notre site web afin de comprendre le comportement des utilisateurs et d&rsquo;am\u00e9liorer l\u2019exp\u00e9rience de navigation.<\/p>\n<p>Inclut :<\/p>\n<ul>\n<li>Donn\u00e9es d&rsquo;identification<\/li>\n<li>Coordonn\u00e9es<\/li>\n<li>Ant\u00e9c\u00e9dents m\u00e9dicaux\/psychologiques<\/li>\n<li>R\u00e9sultats d&rsquo;\u00e9valuation<\/li>\n<li>Donn\u00e9es de facturation<\/li>\n<li>Donn\u00e9es relatives \u00e0 l&rsquo;utilisation du site web<\/li>\n<\/ul>\n<p>[\/et_pb_text][et_pb_text admin_label=\u00a0\u00bbText\u00a0\u00bb _builder_version=\u00a0\u00bb4.27.4&Prime; background_size=\u00a0\u00bbinitial\u00a0\u00bb background_position=\u00a0\u00bbtop_left\u00a0\u00bb background_repeat=\u00a0\u00bbrepeat\u00a0\u00bb global_colors_info=\u00a0\u00bb{}\u00a0\u00bb]<\/p>\n<h4 class=\"wp-block-heading\">3. Consentement<\/h4>\n<p>Votre consentement est requis avant la collecte, l\u2019utilisation ou la communication de vos renseignements personnels, sauf si la loi le permet. Vous pouvez retirer votre consentement en tout temps, sous r\u00e9serve d\u2019un pr\u00e9avis raisonnable.<\/p>\n<p>[\/et_pb_text][et_pb_text admin_label=\u00a0\u00bbText\u00a0\u00bb _builder_version=\u00a0\u00bb4.27.4&Prime; background_size=\u00a0\u00bbinitial\u00a0\u00bb background_position=\u00a0\u00bbtop_left\u00a0\u00bb background_repeat=\u00a0\u00bbrepeat\u00a0\u00bb global_colors_info=\u00a0\u00bb{}\u00a0\u00bb]<\/p>\n<h4 class=\"wp-block-heading\">4. Utilisation des renseignements<\/h4>\n<p>Vos renseignements sont utilis\u00e9s exclusivement aux fins suivantes :<\/p>\n<ul>\n<li>Fournir des services<\/li>\n<li>Coordonner les soins<\/li>\n<li>Administration<\/li>\n<li>Conformit\u00e9 l\u00e9gale<\/li>\n<li>Am\u00e9lioration du site et analyse du trafic<\/li>\n<\/ul>\n<p>[\/et_pb_text][et_pb_text admin_label=\u00a0\u00bbText\u00a0\u00bb _builder_version=\u00a0\u00bb4.27.4&Prime; background_size=\u00a0\u00bbinitial\u00a0\u00bb background_position=\u00a0\u00bbtop_left\u00a0\u00bb background_repeat=\u00a0\u00bbrepeat\u00a0\u00bb global_colors_info=\u00a0\u00bb{}\u00a0\u00bb]<\/p>\n<h4 class=\"wp-block-heading\">5. Partage avec des tiers<\/h4>\n<p>Avec votre consentement, nous pouvons partager vos renseignements avec la RAMQ, les assureurs, les \u00e9coles et les m\u00e9decins r\u00e9f\u00e9rents. Nous ne vendons pas vos donn\u00e9es.<\/p>\n<p>[\/et_pb_text][et_pb_text admin_label=\u00a0\u00bbText\u00a0\u00bb _builder_version=\u00a0\u00bb4.27.4&Prime; background_size=\u00a0\u00bbinitial\u00a0\u00bb background_position=\u00a0\u00bbtop_left\u00a0\u00bb background_repeat=\u00a0\u00bbrepeat\u00a0\u00bb global_colors_info=\u00a0\u00bb{}\u00a0\u00bb]<\/p>\n<h4 class=\"wp-block-heading\">6. T\u00e9l\u00e9sant\u00e9<\/h4>\n<p>Nous utilisons des plateformes s\u00e9curis\u00e9es pour les consultations virtuelles. Utilisez un espace priv\u00e9 et une connexion s\u00e9curis\u00e9e.<\/p>\n<p>[\/et_pb_text][et_pb_text admin_label=\u00a0\u00bbText\u00a0\u00bb _builder_version=\u00a0\u00bb4.27.4&Prime; background_size=\u00a0\u00bbinitial\u00a0\u00bb background_position=\u00a0\u00bbtop_left\u00a0\u00bb background_repeat=\u00a0\u00bbrepeat\u00a0\u00bb global_colors_info=\u00a0\u00bb{}\u00a0\u00bb]<\/p>\n<h4 class=\"wp-block-heading\">7. S\u00e9curit\u00e9<\/h4>\n<p>Nous prot\u00e9geons vos donn\u00e9es \u00e0 l\u2019aide de mesures de s\u00e9curit\u00e9 physiques, administratives et technologiques.<\/p>\n<p>[\/et_pb_text][et_pb_text admin_label=\u00a0\u00bbText\u00a0\u00bb _builder_version=\u00a0\u00bb4.27.4&Prime; background_size=\u00a0\u00bbinitial\u00a0\u00bb background_position=\u00a0\u00bbtop_left\u00a0\u00bb background_repeat=\u00a0\u00bbrepeat\u00a0\u00bb global_colors_info=\u00a0\u00bb{}\u00a0\u00bb]<\/p>\n<h4 class=\"wp-block-heading\">8. Acc\u00e8s et rectification<\/h4>\n<p>Vous pouvez demander l\u2019acc\u00e8s ou la correction de vos donn\u00e9es en contactant notre responsable de la confidentialit\u00e9.<\/p>\n<p>[\/et_pb_text][et_pb_text admin_label=\u00a0\u00bbText\u00a0\u00bb _builder_version=\u00a0\u00bb4.27.4&Prime; background_size=\u00a0\u00bbinitial\u00a0\u00bb background_position=\u00a0\u00bbtop_left\u00a0\u00bb background_repeat=\u00a0\u00bbrepeat\u00a0\u00bb global_colors_info=\u00a0\u00bb{}\u00a0\u00bb]<\/p>\n<h4 class=\"wp-block-heading\">9. Conservation et destruction<\/h4>\n<p>Nous conservons les donn\u00e9es selon les obligations, puis les d\u00e9truisons de mani\u00e8re s\u00e9curis\u00e9e.<\/p>\n<p>[\/et_pb_text][et_pb_text admin_label=\u00a0\u00bbText\u00a0\u00bb _builder_version=\u00a0\u00bb4.27.4&Prime; background_size=\u00a0\u00bbinitial\u00a0\u00bb background_position=\u00a0\u00bbtop_left\u00a0\u00bb background_repeat=\u00a0\u00bbrepeat\u00a0\u00bb global_colors_info=\u00a0\u00bb{}\u00a0\u00bb]<\/p>\n<h4 class=\"wp-block-heading\">10. Site web et t\u00e9moins<\/h4>\n<p>Nous utilisons des t\u00e9moins (cookies) et des outils d\u2019analyse pour surveiller le trafic et am\u00e9liorer l\u2019exp\u00e9rience utilisateur.<\/p>\n<p>[\/et_pb_text][et_pb_text admin_label=\u00a0\u00bbText\u00a0\u00bb _builder_version=\u00a0\u00bb4.27.4&Prime; background_size=\u00a0\u00bbinitial\u00a0\u00bb background_position=\u00a0\u00bbtop_left\u00a0\u00bb background_repeat=\u00a0\u00bbrepeat\u00a0\u00bb hover_enabled=\u00a0\u00bb0&Prime; global_colors_info=\u00a0\u00bb{}\u00a0\u00bb sticky_enabled=\u00a0\u00bb0&Prime;]<\/p>\n<h4 class=\"wp-block-heading\">11. Contact \u2013 Responsable de la protection de la vie priv\u00e9e<\/h4>\n<p>Selma Greffou, propri\u00e9taire de la clinique<br \/><a href=\"mailto:info@neuropsysanitas.ca\">info@neuropsysanitas.ca<\/a><br \/><a href=\"tel:5144247095\">514-424-7095<\/a><br \/>Complexe de Sant\u00e9 Reine Elizabeth, suite 343, Montr\u00e9al, QC<\/p>\n<p>[\/et_pb_text][\/et_pb_column][\/et_pb_row][\/et_pb_section]<\/p>\n","protected":false},"excerpt":{"rendered":"<p>Derni\u00e8re mise \u00e0 jour : 21 juillet 2025Neuropsy Sanitas Inc.Complexe de Sant\u00e9 Reine Elizabeth, suite 3432100, Avenue de Marlowe,Montr\u00e9al, Qu\u00e9bec, Canada, H4A 3L5T\u00e9l\u00e9phone : 514-424-7095Courriel : info@neuropsysanitas.caSite web : neuropsysanitas.caResponsable de la protection de la vie priv\u00e9e : Selma Greffou1. Objet Neuropsy Sanitas Inc. s&rsquo;engage \u00e0 prot\u00e9ger votre vie priv\u00e9e et la confidentialit\u00e9 de vos [&hellip;]<\/p>\n","protected":false},"author":1,"featured_media":0,"parent":0,"menu_order":100,"comment_status":"closed","ping_status":"closed","template":"","meta":{"_et_pb_use_builder":"on","_et_pb_old_content":"[et_pb_section fb_built=\"1\" admin_label=\"section\" _builder_version=\"4.16\" global_colors_info=\"{}\" custom_padding=\"|||1px||\" da_is_popup=\"off\" da_exit_intent=\"off\" da_has_close=\"on\" da_alt_close=\"off\" da_dark_close=\"off\" da_not_modal=\"on\" da_is_singular=\"off\" da_with_loader=\"off\" da_has_shadow=\"on\" da_disable_devices=\"off|off|off\"][et_pb_row admin_label=\"row\" _builder_version=\"4.16\" background_size=\"initial\" background_position=\"top_left\" background_repeat=\"repeat\" global_colors_info=\"{}\"][et_pb_column type=\"4_4\" _builder_version=\"4.16\" custom_padding=\"|||\" global_colors_info=\"{}\" custom_padding__hover=\"|||\"][et_pb_heading title=\"Privacy Policy\" _builder_version=\"4.24.2\" _module_preset=\"default\" title_font=\"|||||on|||\" title_text_align=\"left\" title_text_color=\"#2A363B\" global_colors_info=\"{}\"][\/et_pb_heading][et_pb_text admin_label=\"Text\" _builder_version=\"4.27.4\" background_size=\"initial\" background_position=\"top_left\" background_repeat=\"repeat\" hover_enabled=\"0\" global_colors_info=\"{}\" sticky_enabled=\"0\"]\n\nLast updated: July 21<sup>st<\/sup> 2025\n\n[\/et_pb_text][et_pb_text admin_label=\"Text\" _builder_version=\"4.27.4\" background_size=\"initial\" background_position=\"top_left\" background_repeat=\"repeat\" hover_enabled=\"0\" global_colors_info=\"{}\" sticky_enabled=\"0\"]\n<h4 class=\"wp-block-heading\">Who we are<\/h4>\nNeuropsy Sanitas Inc.\nQueen Elizabeth Health Complex\n2100, Marlowe Avenue, Suite 343\nMontreal, Quebec, Canada, H4A 3L5\n<strong>Phone:<\/strong> 514-424-7095\n<strong>Email:<\/strong> info@neuropsysanitas.ca\n<strong>Website:<\/strong> neuropsysanitas.ca\n<strong>Privacy Officer:<\/strong> Selma Greffou\n\n[\/et_pb_text][et_pb_text admin_label=\"Text\" _builder_version=\"4.27.4\" background_size=\"initial\" background_position=\"top_left\" background_repeat=\"repeat\" hover_enabled=\"0\" global_colors_info=\"{}\" sticky_enabled=\"0\"]\n<h4 class=\"wp-block-heading\">Purpose<\/h4>\nNeuropsy Sanitas Inc. is committed to protecting your privacy and the confidentiality of your personal information in accordance with Quebec\u2019s Law 25. This policy explains how we collect, use, disclose, and protect your information when you use our clinical services or website.\n\n[\/et_pb_text][et_pb_text admin_label=\"Text\" _builder_version=\"4.27.4\" background_size=\"initial\" background_position=\"top_left\" background_repeat=\"repeat\" hover_enabled=\"0\" global_colors_info=\"{}\" sticky_enabled=\"0\"]\n<h4 class=\"wp-block-heading\">Information We Collect<\/h4>\nWe collect only the information necessary to provide neuropsychological services to children and adults, including in-person and virtual care. We may also collect certain technical data via our website to understand user behavior and improve browsing experience.\n\nIncludes:\n<ul>\n \t<li>Identification details<\/li>\n \t<li>Contact information<\/li>\n \t<li>Medical\/psychological history<\/li>\n \t<li>Assessment results<\/li>\n \t<li>Billing details<\/li>\n \t<li>Website usage data<\/li>\n<\/ul>\n[\/et_pb_text][et_pb_text admin_label=\"Text\" _builder_version=\"4.27.4\" background_size=\"initial\" background_position=\"top_left\" background_repeat=\"repeat\" hover_enabled=\"0\" global_colors_info=\"{}\" sticky_enabled=\"0\"]\n<h4 class=\"wp-block-heading\">Consent<\/h4>\nYour consent is required before collecting, using, or disclosing your personal information, unless otherwise permitted by law. You may withdraw consent at any time with reasonable notice.\n\n[\/et_pb_text][et_pb_text admin_label=\"Text\" _builder_version=\"4.27.4\" background_size=\"initial\" background_position=\"top_left\" background_repeat=\"repeat\" hover_enabled=\"0\" global_colors_info=\"{}\" sticky_enabled=\"0\"]\n<h4 class=\"wp-block-heading\">Sharing with Third Parties<\/h4>\nWith your consent, we may share your information with RAMQ, insurers, schools, referring physicians. We do not sell your data.\n\n[\/et_pb_text][et_pb_text admin_label=\"Text\" _builder_version=\"4.27.4\" background_size=\"initial\" background_position=\"top_left\" background_repeat=\"repeat\" hover_enabled=\"0\" global_colors_info=\"{}\" sticky_enabled=\"0\"]\n<h4 class=\"wp-block-heading\">Virtual Care<\/h4>\nWe use secure platforms for virtual consultations. Use a private space and secure connection.\n\n[\/et_pb_text][et_pb_text admin_label=\"Text\" _builder_version=\"4.27.4\" background_size=\"initial\" background_position=\"top_left\" background_repeat=\"repeat\" hover_enabled=\"0\" global_colors_info=\"{}\" sticky_enabled=\"0\"]\n<h4 class=\"wp-block-heading\">Security<\/h4>\nWe protect your data with physical, administrative, and technical safeguards.\n\n[\/et_pb_text][et_pb_text admin_label=\"Text\" _builder_version=\"4.27.4\" background_size=\"initial\" background_position=\"top_left\" background_repeat=\"repeat\" hover_enabled=\"0\" global_colors_info=\"{}\" sticky_enabled=\"0\"]\n<h4 class=\"wp-block-heading\">Access and Correction<\/h4>\nYou may request access to or correction of your data by contacting our Privacy Officer.\n\n[\/et_pb_text][et_pb_text admin_label=\"Text\" _builder_version=\"4.27.4\" background_size=\"initial\" background_position=\"top_left\" background_repeat=\"repeat\" hover_enabled=\"0\" global_colors_info=\"{}\" sticky_enabled=\"0\"]\n<h4 class=\"wp-block-heading\">Contact \u2013 Privacy Officer<\/h4>\nSelma Greffou\ninfo@neuropsysanitas.ca\n514-424-7095\nQueen Elizabeth Health Complex, Suite 343, Montreal, QC\n\n[\/et_pb_text][\/et_pb_column][\/et_pb_row][\/et_pb_section]","_et_gb_content_width":"","footnotes":""},"class_list":["post-847","page","type-page","status-publish","hentry"],"yoast_head":"<!-- This site is optimized with the Yoast SEO plugin v27.3 - https:\/\/yoast.com\/product\/yoast-seo-wordpress\/ -->\n<title>Politique de confidentialit\u00e9 - Neuropsy Sanitas<\/title>\n<meta name=\"robots\" content=\"noindex, follow, max-snippet:-1, max-image-preview:large, max-video-preview:-1\" \/>\n<meta property=\"og:locale\" content=\"fr_FR\" \/>\n<meta property=\"og:type\" content=\"article\" \/>\n<meta property=\"og:title\" content=\"Politique de confidentialit\u00e9 - Neuropsy Sanitas\" \/>\n<meta property=\"og:description\" content=\"Derni\u00e8re mise \u00e0 jour : 21 juillet 2025Neuropsy Sanitas Inc.Complexe de Sant\u00e9 Reine Elizabeth, suite 3432100, Avenue de Marlowe,Montr\u00e9al, Qu\u00e9bec, Canada, H4A 3L5T\u00e9l\u00e9phone : 514-424-7095Courriel : info@neuropsysanitas.caSite web : neuropsysanitas.caResponsable de la protection de la vie priv\u00e9e : Selma Greffou1. Objet Neuropsy Sanitas Inc. s&#039;engage \u00e0 prot\u00e9ger votre vie priv\u00e9e et la confidentialit\u00e9 de vos [&hellip;]\" \/>\n<meta property=\"og:url\" content=\"https:\/\/neuro.molecularcodedev.com\/fr\/politique-de-confidentialite\/\" \/>\n<meta property=\"og:site_name\" content=\"Neuropsy Sanitas\" \/>\n<meta property=\"article:modified_time\" content=\"2025-08-31T14:03:00+00:00\" \/>\n<meta name=\"twitter:card\" content=\"summary_large_image\" \/>\n<meta name=\"twitter:label1\" content=\"Dur\u00e9e de lecture estim\u00e9e\" \/>\n\t<meta name=\"twitter:data1\" content=\"2 minutes\" \/>\n<script type=\"application\/ld+json\" class=\"yoast-schema-graph\">{\"@context\":\"https:\\\/\\\/schema.org\",\"@graph\":[{\"@type\":\"WebPage\",\"@id\":\"https:\\\/\\\/neuro.molecularcodedev.com\\\/fr\\\/politique-de-confidentialite\\\/\",\"url\":\"https:\\\/\\\/neuro.molecularcodedev.com\\\/fr\\\/politique-de-confidentialite\\\/\",\"name\":\"Politique de confidentialit\u00e9 - Neuropsy Sanitas\",\"isPartOf\":{\"@id\":\"https:\\\/\\\/neuro.molecularcodedev.com\\\/fr\\\/#website\"},\"datePublished\":\"2023-11-30T20:00:06+00:00\",\"dateModified\":\"2025-08-31T14:03:00+00:00\",\"breadcrumb\":{\"@id\":\"https:\\\/\\\/neuro.molecularcodedev.com\\\/fr\\\/politique-de-confidentialite\\\/#breadcrumb\"},\"inLanguage\":\"fr-FR\",\"potentialAction\":[{\"@type\":\"ReadAction\",\"target\":[\"https:\\\/\\\/neuro.molecularcodedev.com\\\/fr\\\/politique-de-confidentialite\\\/\"]}]},{\"@type\":\"BreadcrumbList\",\"@id\":\"https:\\\/\\\/neuro.molecularcodedev.com\\\/fr\\\/politique-de-confidentialite\\\/#breadcrumb\",\"itemListElement\":[{\"@type\":\"ListItem\",\"position\":1,\"name\":\"Home\",\"item\":\"https:\\\/\\\/neuro.molecularcodedev.com\\\/fr\\\/\"},{\"@type\":\"ListItem\",\"position\":2,\"name\":\"Politique de confidentialit\u00e9\"}]},{\"@type\":\"WebSite\",\"@id\":\"https:\\\/\\\/neuro.molecularcodedev.com\\\/fr\\\/#website\",\"url\":\"https:\\\/\\\/neuro.molecularcodedev.com\\\/fr\\\/\",\"name\":\"Neuropsy Sanitas\",\"description\":\"Activating Potential\",\"publisher\":{\"@id\":\"https:\\\/\\\/neuro.molecularcodedev.com\\\/fr\\\/#organization\"},\"potentialAction\":[{\"@type\":\"SearchAction\",\"target\":{\"@type\":\"EntryPoint\",\"urlTemplate\":\"https:\\\/\\\/neuro.molecularcodedev.com\\\/fr\\\/?s={search_term_string}\"},\"query-input\":{\"@type\":\"PropertyValueSpecification\",\"valueRequired\":true,\"valueName\":\"search_term_string\"}}],\"inLanguage\":\"fr-FR\"},{\"@type\":\"Organization\",\"@id\":\"https:\\\/\\\/neuro.molecularcodedev.com\\\/fr\\\/#organization\",\"name\":\"Neuropsy Sanitas\",\"url\":\"https:\\\/\\\/neuro.molecularcodedev.com\\\/fr\\\/\",\"logo\":{\"@type\":\"ImageObject\",\"inLanguage\":\"fr-FR\",\"@id\":\"https:\\\/\\\/neuro.molecularcodedev.com\\\/fr\\\/#\\\/schema\\\/logo\\\/image\\\/\",\"url\":\"https:\\\/\\\/neuro.molecularcodedev.com\\\/wp-content\\\/uploads\\\/2023\\\/12\\\/header-logo.png\",\"contentUrl\":\"https:\\\/\\\/neuro.molecularcodedev.com\\\/wp-content\\\/uploads\\\/2023\\\/12\\\/header-logo.png\",\"width\":500,\"height\":115,\"caption\":\"Neuropsy Sanitas\"},\"image\":{\"@id\":\"https:\\\/\\\/neuro.molecularcodedev.com\\\/fr\\\/#\\\/schema\\\/logo\\\/image\\\/\"}}]}<\/script>\n<!-- \/ Yoast SEO plugin. -->","yoast_head_json":{"title":"Politique de confidentialit\u00e9 - Neuropsy Sanitas","robots":{"index":"noindex","follow":"follow","max-snippet":"max-snippet:-1","max-image-preview":"max-image-preview:large","max-video-preview":"max-video-preview:-1"},"og_locale":"fr_FR","og_type":"article","og_title":"Politique de confidentialit\u00e9 - Neuropsy Sanitas","og_description":"Derni\u00e8re mise \u00e0 jour : 21 juillet 2025Neuropsy Sanitas Inc.Complexe de Sant\u00e9 Reine Elizabeth, suite 3432100, Avenue de Marlowe,Montr\u00e9al, Qu\u00e9bec, Canada, H4A 3L5T\u00e9l\u00e9phone : 514-424-7095Courriel : info@neuropsysanitas.caSite web : neuropsysanitas.caResponsable de la protection de la vie priv\u00e9e : Selma Greffou1. Objet Neuropsy Sanitas Inc. s'engage \u00e0 prot\u00e9ger votre vie priv\u00e9e et la confidentialit\u00e9 de vos [&hellip;]","og_url":"https:\/\/neuro.molecularcodedev.com\/fr\/politique-de-confidentialite\/","og_site_name":"Neuropsy Sanitas","article_modified_time":"2025-08-31T14:03:00+00:00","twitter_card":"summary_large_image","twitter_misc":{"Dur\u00e9e de lecture estim\u00e9e":"2 minutes"},"schema":{"@context":"https:\/\/schema.org","@graph":[{"@type":"WebPage","@id":"https:\/\/neuro.molecularcodedev.com\/fr\/politique-de-confidentialite\/","url":"https:\/\/neuro.molecularcodedev.com\/fr\/politique-de-confidentialite\/","name":"Politique de confidentialit\u00e9 - Neuropsy Sanitas","isPartOf":{"@id":"https:\/\/neuro.molecularcodedev.com\/fr\/#website"},"datePublished":"2023-11-30T20:00:06+00:00","dateModified":"2025-08-31T14:03:00+00:00","breadcrumb":{"@id":"https:\/\/neuro.molecularcodedev.com\/fr\/politique-de-confidentialite\/#breadcrumb"},"inLanguage":"fr-FR","potentialAction":[{"@type":"ReadAction","target":["https:\/\/neuro.molecularcodedev.com\/fr\/politique-de-confidentialite\/"]}]},{"@type":"BreadcrumbList","@id":"https:\/\/neuro.molecularcodedev.com\/fr\/politique-de-confidentialite\/#breadcrumb","itemListElement":[{"@type":"ListItem","position":1,"name":"Home","item":"https:\/\/neuro.molecularcodedev.com\/fr\/"},{"@type":"ListItem","position":2,"name":"Politique de confidentialit\u00e9"}]},{"@type":"WebSite","@id":"https:\/\/neuro.molecularcodedev.com\/fr\/#website","url":"https:\/\/neuro.molecularcodedev.com\/fr\/","name":"Neuropsy Sanitas","description":"Activating Potential","publisher":{"@id":"https:\/\/neuro.molecularcodedev.com\/fr\/#organization"},"potentialAction":[{"@type":"SearchAction","target":{"@type":"EntryPoint","urlTemplate":"https:\/\/neuro.molecularcodedev.com\/fr\/?s={search_term_string}"},"query-input":{"@type":"PropertyValueSpecification","valueRequired":true,"valueName":"search_term_string"}}],"inLanguage":"fr-FR"},{"@type":"Organization","@id":"https:\/\/neuro.molecularcodedev.com\/fr\/#organization","name":"Neuropsy Sanitas","url":"https:\/\/neuro.molecularcodedev.com\/fr\/","logo":{"@type":"ImageObject","inLanguage":"fr-FR","@id":"https:\/\/neuro.molecularcodedev.com\/fr\/#\/schema\/logo\/image\/","url":"https:\/\/neuro.molecularcodedev.com\/wp-content\/uploads\/2023\/12\/header-logo.png","contentUrl":"https:\/\/neuro.molecularcodedev.com\/wp-content\/uploads\/2023\/12\/header-logo.png","width":500,"height":115,"caption":"Neuropsy Sanitas"},"image":{"@id":"https:\/\/neuro.molecularcodedev.com\/fr\/#\/schema\/logo\/image\/"}}]}},"_links":{"self":[{"href":"https:\/\/neuro.molecularcodedev.com\/fr\/wp-json\/wp\/v2\/pages\/847","targetHints":{"allow":["GET"]}}],"collection":[{"href":"https:\/\/neuro.molecularcodedev.com\/fr\/wp-json\/wp\/v2\/pages"}],"about":[{"href":"https:\/\/neuro.molecularcodedev.com\/fr\/wp-json\/wp\/v2\/types\/page"}],"author":[{"embeddable":true,"href":"https:\/\/neuro.molecularcodedev.com\/fr\/wp-json\/wp\/v2\/users\/1"}],"replies":[{"embeddable":true,"href":"https:\/\/neuro.molecularcodedev.com\/fr\/wp-json\/wp\/v2\/comments?post=847"}],"version-history":[{"count":13,"href":"https:\/\/neuro.molecularcodedev.com\/fr\/wp-json\/wp\/v2\/pages\/847\/revisions"}],"predecessor-version":[{"id":1195,"href":"https:\/\/neuro.molecularcodedev.com\/fr\/wp-json\/wp\/v2\/pages\/847\/revisions\/1195"}],"wp:attachment":[{"href":"https:\/\/neuro.molecularcodedev.com\/fr\/wp-json\/wp\/v2\/media?parent=847"}],"curies":[{"name":"wp","href":"https:\/\/api.w.org\/{rel}","templated":true}]}}