{"id":819,"date":"2023-12-01T13:55:48","date_gmt":"2023-12-01T18:55:48","guid":{"rendered":"https:\/\/neuro.molecularcodedev.com\/contact\/"},"modified":"2025-08-25T14:36:22","modified_gmt":"2025-08-25T18:36:22","slug":"contactez-nous","status":"publish","type":"page","link":"https:\/\/neuro.molecularcodedev.com\/fr\/contactez-nous\/","title":{"rendered":"Contact"},"content":{"rendered":"<p>[et_pb_section fb_built=\u00a0\u00bb1&Prime; _builder_version=\u00a0\u00bb4.24.2&Prime; _module_preset=\u00a0\u00bbdefault\u00a0\u00bb background_color=\u00a0\u00bb#ecf2f6&Prime; da_disable_devices=\u00a0\u00bboff|off|off\u00a0\u00bb global_colors_info=\u00a0\u00bb{}\u00a0\u00bb da_is_popup=\u00a0\u00bboff\u00a0\u00bb da_exit_intent=\u00a0\u00bboff\u00a0\u00bb da_has_close=\u00a0\u00bbon\u00a0\u00bb da_alt_close=\u00a0\u00bboff\u00a0\u00bb da_dark_close=\u00a0\u00bboff\u00a0\u00bb da_not_modal=\u00a0\u00bbon\u00a0\u00bb da_is_singular=\u00a0\u00bboff\u00a0\u00bb da_with_loader=\u00a0\u00bboff\u00a0\u00bb da_has_shadow=\u00a0\u00bbon\u00a0\u00bb][et_pb_row _builder_version=\u00a0\u00bb4.23.1&Prime; _module_preset=\u00a0\u00bbdefault\u00a0\u00bb global_colors_info=\u00a0\u00bb{}\u00a0\u00bb][et_pb_column type=\u00a0\u00bb4_4&Prime; _builder_version=\u00a0\u00bb4.23.1&Prime; _module_preset=\u00a0\u00bbdefault\u00a0\u00bb global_colors_info=\u00a0\u00bb{}\u00a0\u00bb][et_pb_heading title=\u00a0\u00bbContactez-Nous\u00a0\u00bb _builder_version=\u00a0\u00bb4.27.4&Prime; _module_preset=\u00a0\u00bbdefault\u00a0\u00bb title_font=\u00a0\u00bb|||||on|||\u00a0\u00bb global_colors_info=\u00a0\u00bb{}\u00a0\u00bb][\/et_pb_heading][et_pb_text _builder_version=\u00a0\u00bb4.27.4&Prime; _module_preset=\u00a0\u00bbdefault\u00a0\u00bb text_font_size=\u00a0\u00bb20px\u00a0\u00bb text_line_height=\u00a0\u00bb1.2em\u00a0\u00bb global_colors_info=\u00a0\u00bb{}\u00a0\u00bb]<\/p>\n<p>N\u2019h\u00e9sitez pas \u00e0 nous contacter ou \u00e0 prendre rendez-vous d\u00e8s maintenant !<\/p>\n<p>[\/et_pb_text][\/et_pb_column][\/et_pb_row][et_pb_row column_structure=\u00a0\u00bb1_2,1_2&Prime; _builder_version=\u00a0\u00bb4.23.1&Prime; _module_preset=\u00a0\u00bbdefault\u00a0\u00bb global_colors_info=\u00a0\u00bb{}\u00a0\u00bb][et_pb_column type=\u00a0\u00bb1_2&Prime; _builder_version=\u00a0\u00bb4.23.1&Prime; _module_preset=\u00a0\u00bbdefault\u00a0\u00bb global_colors_info=\u00a0\u00bb{}\u00a0\u00bb][et_pb_heading title=\u00a0\u00bbEnvoyez-nous un message\u00a0\u00bb _builder_version=\u00a0\u00bb4.27.4&Prime; _module_preset=\u00a0\u00bbdefault\u00a0\u00bb title_level=\u00a0\u00bbh3&Prime; title_font=\u00a0\u00bb|||||on|||\u00a0\u00bb title_text_color=\u00a0\u00bb#405A6C\u00a0\u00bb title_font_size=\u00a0\u00bb24px\u00a0\u00bb title_line_height=\u00a0\u00bb1.4em\u00a0\u00bb global_colors_info=\u00a0\u00bb{}\u00a0\u00bb][\/et_pb_heading][et_pb_button button_url=\u00a0\u00bbhttps:\/\/neuropsysanitas.janeapp.com\/\u00a0\u00bb url_new_window=\u00a0\u00bbon\u00a0\u00bb button_text=\u00a0\u00bbPrendre un rendez-vous ou une consultation gratuite\u00a0\u00bb _builder_version=\u00a0\u00bb4.27.4&Prime; _module_preset=\u00a0\u00bbdefault\u00a0\u00bb custom_padding=\u00a0\u00bb10px|20px|10px|20px|false|false\u00a0\u00bb hover_enabled=\u00a0\u00bb0&Prime; global_colors_info=\u00a0\u00bb{}\u00a0\u00bb sticky_enabled=\u00a0\u00bb0&Prime;][\/et_pb_button][et_pb_contact_form email=\u00a0\u00bbinfo@neuropsysanitas.ca\u00a0\u00bb success_message=\u00a0\u00bbThank you for contactin us, we&rsquo;ll get back to you soon.\u00a0\u00bb submit_button_text=\u00a0\u00bbEnvoyez\u00a0\u00bb _builder_version=\u00a0\u00bb4.27.4&Prime; _module_preset=\u00a0\u00bbdefault\u00a0\u00bb _unique_id=\u00a0\u00bb9676023e-363e-4471-8728-741981dc26d3&Prime; form_field_background_color=\u00a0\u00bb#FFFFFF\u00a0\u00bb global_colors_info=\u00a0\u00bb{}\u00a0\u00bb][et_pb_contact_field field_id=\u00a0\u00bbName\u00a0\u00bb field_title=\u00a0\u00bbNom\u00a0\u00bb fullwidth_field=\u00a0\u00bbon\u00a0\u00bb _builder_version=\u00a0\u00bb4.27.4&Prime; global_colors_info=\u00a0\u00bb{}\u00a0\u00bb button_text_size__hover_enabled=\u00a0\u00bboff\u00a0\u00bb button_one_text_size__hover_enabled=\u00a0\u00bboff\u00a0\u00bb button_two_text_size__hover_enabled=\u00a0\u00bboff\u00a0\u00bb button_text_color__hover_enabled=\u00a0\u00bboff\u00a0\u00bb button_one_text_color__hover_enabled=\u00a0\u00bboff\u00a0\u00bb button_two_text_color__hover_enabled=\u00a0\u00bboff\u00a0\u00bb button_border_width__hover_enabled=\u00a0\u00bboff\u00a0\u00bb button_one_border_width__hover_enabled=\u00a0\u00bboff\u00a0\u00bb button_two_border_width__hover_enabled=\u00a0\u00bboff\u00a0\u00bb button_border_color__hover_enabled=\u00a0\u00bboff\u00a0\u00bb button_one_border_color__hover_enabled=\u00a0\u00bboff\u00a0\u00bb button_two_border_color__hover_enabled=\u00a0\u00bboff\u00a0\u00bb button_border_radius__hover_enabled=\u00a0\u00bboff\u00a0\u00bb button_one_border_radius__hover_enabled=\u00a0\u00bboff\u00a0\u00bb button_two_border_radius__hover_enabled=\u00a0\u00bboff\u00a0\u00bb button_letter_spacing__hover_enabled=\u00a0\u00bboff\u00a0\u00bb button_one_letter_spacing__hover_enabled=\u00a0\u00bboff\u00a0\u00bb button_two_letter_spacing__hover_enabled=\u00a0\u00bboff\u00a0\u00bb button_bg_color__hover_enabled=\u00a0\u00bboff\u00a0\u00bb button_one_bg_color__hover_enabled=\u00a0\u00bboff\u00a0\u00bb button_two_bg_color__hover_enabled=\u00a0\u00bboff\u00a0\u00bb][\/et_pb_contact_field][et_pb_contact_field field_id=\u00a0\u00bbEmail\u00a0\u00bb field_title=\u00a0\u00bbCourriel\u00a0\u00bb field_type=\u00a0\u00bbemail\u00a0\u00bb fullwidth_field=\u00a0\u00bbon\u00a0\u00bb _builder_version=\u00a0\u00bb4.27.4&Prime; global_colors_info=\u00a0\u00bb{}\u00a0\u00bb button_text_size__hover_enabled=\u00a0\u00bboff\u00a0\u00bb button_one_text_size__hover_enabled=\u00a0\u00bboff\u00a0\u00bb button_two_text_size__hover_enabled=\u00a0\u00bboff\u00a0\u00bb button_text_color__hover_enabled=\u00a0\u00bboff\u00a0\u00bb button_one_text_color__hover_enabled=\u00a0\u00bboff\u00a0\u00bb button_two_text_color__hover_enabled=\u00a0\u00bboff\u00a0\u00bb button_border_width__hover_enabled=\u00a0\u00bboff\u00a0\u00bb button_one_border_width__hover_enabled=\u00a0\u00bboff\u00a0\u00bb button_two_border_width__hover_enabled=\u00a0\u00bboff\u00a0\u00bb button_border_color__hover_enabled=\u00a0\u00bboff\u00a0\u00bb button_one_border_color__hover_enabled=\u00a0\u00bboff\u00a0\u00bb button_two_border_color__hover_enabled=\u00a0\u00bboff\u00a0\u00bb button_border_radius__hover_enabled=\u00a0\u00bboff\u00a0\u00bb button_one_border_radius__hover_enabled=\u00a0\u00bboff\u00a0\u00bb button_two_border_radius__hover_enabled=\u00a0\u00bboff\u00a0\u00bb button_letter_spacing__hover_enabled=\u00a0\u00bboff\u00a0\u00bb button_one_letter_spacing__hover_enabled=\u00a0\u00bboff\u00a0\u00bb button_two_letter_spacing__hover_enabled=\u00a0\u00bboff\u00a0\u00bb button_bg_color__hover_enabled=\u00a0\u00bboff\u00a0\u00bb button_one_bg_color__hover_enabled=\u00a0\u00bboff\u00a0\u00bb button_two_bg_color__hover_enabled=\u00a0\u00bboff\u00a0\u00bb][\/et_pb_contact_field][et_pb_contact_field field_id=\u00a0\u00bbMessage\u00a0\u00bb field_title=\u00a0\u00bbMessage\u00a0\u00bb field_type=\u00a0\u00bbtext\u00a0\u00bb fullwidth_field=\u00a0\u00bbon\u00a0\u00bb _builder_version=\u00a0\u00bb4.16&Prime; global_colors_info=\u00a0\u00bb{}\u00a0\u00bb button_text_size__hover_enabled=\u00a0\u00bboff\u00a0\u00bb button_one_text_size__hover_enabled=\u00a0\u00bboff\u00a0\u00bb button_two_text_size__hover_enabled=\u00a0\u00bboff\u00a0\u00bb button_text_color__hover_enabled=\u00a0\u00bboff\u00a0\u00bb button_one_text_color__hover_enabled=\u00a0\u00bboff\u00a0\u00bb button_two_text_color__hover_enabled=\u00a0\u00bboff\u00a0\u00bb button_border_width__hover_enabled=\u00a0\u00bboff\u00a0\u00bb button_one_border_width__hover_enabled=\u00a0\u00bboff\u00a0\u00bb button_two_border_width__hover_enabled=\u00a0\u00bboff\u00a0\u00bb button_border_color__hover_enabled=\u00a0\u00bboff\u00a0\u00bb button_one_border_color__hover_enabled=\u00a0\u00bboff\u00a0\u00bb button_two_border_color__hover_enabled=\u00a0\u00bboff\u00a0\u00bb button_border_radius__hover_enabled=\u00a0\u00bboff\u00a0\u00bb button_one_border_radius__hover_enabled=\u00a0\u00bboff\u00a0\u00bb button_two_border_radius__hover_enabled=\u00a0\u00bboff\u00a0\u00bb button_letter_spacing__hover_enabled=\u00a0\u00bboff\u00a0\u00bb button_one_letter_spacing__hover_enabled=\u00a0\u00bboff\u00a0\u00bb button_two_letter_spacing__hover_enabled=\u00a0\u00bboff\u00a0\u00bb button_bg_color__hover_enabled=\u00a0\u00bboff\u00a0\u00bb button_one_bg_color__hover_enabled=\u00a0\u00bboff\u00a0\u00bb button_two_bg_color__hover_enabled=\u00a0\u00bboff\u00a0\u00bb][\/et_pb_contact_field][\/et_pb_contact_form][\/et_pb_column][et_pb_column type=\u00a0\u00bb1_2&Prime; _builder_version=\u00a0\u00bb4.23.1&Prime; _module_preset=\u00a0\u00bbdefault\u00a0\u00bb global_colors_info=\u00a0\u00bb{}\u00a0\u00bb][et_pb_heading title=\u00a0\u00bbCoordonn\u00e9es\u00a0\u00bb _builder_version=\u00a0\u00bb4.27.4&Prime; _module_preset=\u00a0\u00bbdefault\u00a0\u00bb title_level=\u00a0\u00bbh3&Prime; title_font=\u00a0\u00bb|||||on|||\u00a0\u00bb title_text_color=\u00a0\u00bb#405A6C\u00a0\u00bb title_font_size=\u00a0\u00bb24px\u00a0\u00bb title_line_height=\u00a0\u00bb1.4em\u00a0\u00bb global_colors_info=\u00a0\u00bb{}\u00a0\u00bb][\/et_pb_heading][et_pb_text _builder_version=\u00a0\u00bb4.27.4&Prime; _module_preset=\u00a0\u00bbdefault\u00a0\u00bb global_colors_info=\u00a0\u00bb{}\u00a0\u00bb]<\/p>\n<p><span style=\"color: #405a6c;\"><strong>T\u00e9l\u00e9phone :<\/strong><\/span><br \/>(514) 424-7095<\/p>\n<p><span style=\"color: #405a6c;\"><strong>Emplacement :<\/strong><\/span><br \/>Complexe de Sant\u00e9 Reine Elizabeth, suite 343<br \/>2100 Av. de Marlowe,<br \/>Montr\u00e9al, QC<br \/>H4A 3L5<\/p>\n<p>Westmount\/ NDG<br \/>Stationnement payant disponible pr\u00e8s de l\u2019entr\u00e9e du <a href=\"https:\/\/maps.app.goo.gl\/W5VgDjgt3dXkechm9\" target=\"_blank\" rel=\"noopener\" title=\"Paid Parking at 2111 avenue de Northcliffe\">2111 avenue de Northcliffe<\/a><\/p>\n<p>[\/et_pb_text][et_pb_text _builder_version=\u00a0\u00bb4.27.4&Prime; _module_preset=\u00a0\u00bbdefault\u00a0\u00bb custom_margin=\u00a0\u00bb||90px||false|false\u00a0\u00bb global_colors_info=\u00a0\u00bb{}\u00a0\u00bb]<\/p>\n<p>2 minutes de marche du m\u00e9tro et de la station de train Vend\u00f4me<br \/><a href=\"https:\/\/www.google.ca\/maps\/dir\/\/Queen+Elizabeth+Health+Complex,+2100+Av.+de+Marlowe,+Montreal,+Quebec+H4A+3L5\/@45.4744847,-73.6479846,13z\/data=!3m2!4b1!5s0x4cc910a51f180cd7:0xdcc7e21efbec8610!4m9!4m8!1m0!1m5!1m1!1s0x4cc910a50ef7a6f1:0xf1c63a9aa8b82074!2m2!1d-73.6066994!2d45.4744921!3e3?hl=en&amp;entry=ttu\" target=\"_blank\" rel=\"noopener\">Lignes d\u2019autobus STM proches <\/a>: 17, 24, 37, 63, 102, 356, 371<\/p>\n<p><img loading=\"lazy\" decoding=\"async\" src=\"https:\/\/neuro.molecularcodedev.com\/wp-content\/uploads\/2024\/02\/metro_Montreal.jpg\" width=\"38\" height=\"50\" alt=\"Montreal Metro\" class=\"wp-image-250 alignleft size-full\" \/> <img loading=\"lazy\" decoding=\"async\" src=\"https:\/\/neuro.molecularcodedev.com\/wp-content\/uploads\/2024\/02\/stm-logo.jpg\" width=\"107\" height=\"50\" alt=\"Montreal STM\" class=\"wp-image-252 alignleft size-full\" \/> <img loading=\"lazy\" decoding=\"async\" src=\"https:\/\/neuro.molecularcodedev.com\/wp-content\/uploads\/2024\/02\/via-rail-logo.png\" width=\"185\" height=\"50\" alt=\"Montreal Via Rail\" class=\"wp-image-257 alignleft size-full\" \/><\/p>\n<p>[\/et_pb_text][et_pb_text _builder_version=\u00a0\u00bb4.24.3&Prime; _module_preset=\u00a0\u00bbdefault\u00a0\u00bb global_colors_info=\u00a0\u00bb{}\u00a0\u00bb]<\/p>\n<div class=\"mapouter\">\n<div class=\"gmap_canvas\">\n<p><iframe loading=\"lazy\" width=\"500\" height=\"400\" id=\"gmap_canvas\" src=\"https:\/\/maps.google.com\/maps?q=2100%20Av.%20de%20Marlowe&#038;t=&#038;z=13&#038;ie=UTF8&#038;iwloc=&#038;output=embed\" frameborder=\"0\" scrolling=\"no\" marginheight=\"0\" marginwidth=\"0\"><\/iframe><\/p>\n<style>.mapouter{position:relative;text-align:right;height:400px;width:500px;}<\/style>\n<p><a href=\"https:\/\/www.embedgooglemap.net\"><\/a><\/p>\n<style>.gmap_canvas {overflow:hidden;background:none!important;height:400px;width:500px;}<\/style>\n<p><a href=\"https:\/\/www.embedgooglemap.net\">google maps embed<\/a><\/p>\n<\/div>\n<\/div>\n<p>[\/et_pb_text][\/et_pb_column][\/et_pb_row][\/et_pb_section]<\/p>\n","protected":false},"excerpt":{"rendered":"<p>N\u2019h\u00e9sitez pas \u00e0 nous contacter ou \u00e0 prendre rendez-vous d\u00e8s maintenant !T\u00e9l\u00e9phone :(514) 424-7095 Emplacement :Complexe de Sant\u00e9 Reine Elizabeth, suite 3432100 Av. de Marlowe,Montr\u00e9al, QCH4A 3L5 Westmount\/ NDGStationnement payant disponible pr\u00e8s de l\u2019entr\u00e9e du 2111 avenue de Northcliffe2 minutes de marche du m\u00e9tro et de la station de train Vend\u00f4meLignes d\u2019autobus STM proches : [&hellip;]<\/p>\n","protected":false},"author":1,"featured_media":0,"parent":0,"menu_order":40,"comment_status":"closed","ping_status":"closed","template":"","meta":{"_et_pb_use_builder":"on","_et_pb_old_content":"","_et_gb_content_width":"","footnotes":""},"class_list":["post-819","page","type-page","status-publish","hentry"],"yoast_head":"<!-- This site is optimized with the Yoast SEO plugin v27.3 - https:\/\/yoast.com\/product\/yoast-seo-wordpress\/ -->\n<title>Contact - Neuropsy Sanitas<\/title>\n<meta name=\"robots\" content=\"noindex, follow, max-snippet:-1, max-image-preview:large, max-video-preview:-1\" \/>\n<meta property=\"og:locale\" content=\"fr_FR\" \/>\n<meta property=\"og:type\" content=\"article\" \/>\n<meta property=\"og:title\" content=\"Contact - Neuropsy Sanitas\" \/>\n<meta property=\"og:description\" content=\"N\u2019h\u00e9sitez pas \u00e0 nous contacter ou \u00e0 prendre rendez-vous d\u00e8s maintenant !T\u00e9l\u00e9phone :(514) 424-7095 Emplacement :Complexe de Sant\u00e9 Reine Elizabeth, suite 3432100 Av. de Marlowe,Montr\u00e9al, QCH4A 3L5 Westmount\/ NDGStationnement payant disponible pr\u00e8s de l\u2019entr\u00e9e du 2111 avenue de Northcliffe2 minutes de marche du m\u00e9tro et de la station de train Vend\u00f4meLignes d\u2019autobus STM proches : [&hellip;]\" \/>\n<meta property=\"og:url\" content=\"https:\/\/neuro.molecularcodedev.com\/fr\/contactez-nous\/\" \/>\n<meta property=\"og:site_name\" content=\"Neuropsy Sanitas\" \/>\n<meta property=\"article:modified_time\" content=\"2025-08-25T18:36:22+00:00\" \/>\n<meta property=\"og:image\" content=\"https:\/\/neuro.molecularcodedev.com\/wp-content\/uploads\/2024\/02\/metro_Montreal.jpg\" \/>\n\t<meta property=\"og:image:width\" content=\"38\" \/>\n\t<meta property=\"og:image:height\" content=\"50\" \/>\n\t<meta property=\"og:image:type\" content=\"image\/jpeg\" \/>\n<meta name=\"twitter:card\" content=\"summary_large_image\" \/>\n<meta name=\"twitter:label1\" content=\"Dur\u00e9e de lecture estim\u00e9e\" \/>\n\t<meta name=\"twitter:data1\" content=\"5 minutes\" \/>\n<script type=\"application\/ld+json\" class=\"yoast-schema-graph\">{\"@context\":\"https:\\\/\\\/schema.org\",\"@graph\":[{\"@type\":\"WebPage\",\"@id\":\"https:\\\/\\\/neuro.molecularcodedev.com\\\/fr\\\/contactez-nous\\\/\",\"url\":\"https:\\\/\\\/neuro.molecularcodedev.com\\\/fr\\\/contactez-nous\\\/\",\"name\":\"Contact - Neuropsy Sanitas\",\"isPartOf\":{\"@id\":\"https:\\\/\\\/neuro.molecularcodedev.com\\\/fr\\\/#website\"},\"primaryImageOfPage\":{\"@id\":\"https:\\\/\\\/neuro.molecularcodedev.com\\\/fr\\\/contactez-nous\\\/#primaryimage\"},\"image\":{\"@id\":\"https:\\\/\\\/neuro.molecularcodedev.com\\\/fr\\\/contactez-nous\\\/#primaryimage\"},\"thumbnailUrl\":\"https:\\\/\\\/neuro.molecularcodedev.com\\\/wp-content\\\/uploads\\\/2024\\\/02\\\/metro_Montreal.jpg\",\"datePublished\":\"2023-12-01T18:55:48+00:00\",\"dateModified\":\"2025-08-25T18:36:22+00:00\",\"breadcrumb\":{\"@id\":\"https:\\\/\\\/neuro.molecularcodedev.com\\\/fr\\\/contactez-nous\\\/#breadcrumb\"},\"inLanguage\":\"fr-FR\",\"potentialAction\":[{\"@type\":\"ReadAction\",\"target\":[\"https:\\\/\\\/neuro.molecularcodedev.com\\\/fr\\\/contactez-nous\\\/\"]}]},{\"@type\":\"ImageObject\",\"inLanguage\":\"fr-FR\",\"@id\":\"https:\\\/\\\/neuro.molecularcodedev.com\\\/fr\\\/contactez-nous\\\/#primaryimage\",\"url\":\"https:\\\/\\\/neuro.molecularcodedev.com\\\/wp-content\\\/uploads\\\/2024\\\/02\\\/metro_Montreal.jpg\",\"contentUrl\":\"https:\\\/\\\/neuro.molecularcodedev.com\\\/wp-content\\\/uploads\\\/2024\\\/02\\\/metro_Montreal.jpg\"},{\"@type\":\"BreadcrumbList\",\"@id\":\"https:\\\/\\\/neuro.molecularcodedev.com\\\/fr\\\/contactez-nous\\\/#breadcrumb\",\"itemListElement\":[{\"@type\":\"ListItem\",\"position\":1,\"name\":\"Home\",\"item\":\"https:\\\/\\\/neuro.molecularcodedev.com\\\/fr\\\/\"},{\"@type\":\"ListItem\",\"position\":2,\"name\":\"Contact\"}]},{\"@type\":\"WebSite\",\"@id\":\"https:\\\/\\\/neuro.molecularcodedev.com\\\/fr\\\/#website\",\"url\":\"https:\\\/\\\/neuro.molecularcodedev.com\\\/fr\\\/\",\"name\":\"Neuropsy Sanitas\",\"description\":\"Activating Potential\",\"publisher\":{\"@id\":\"https:\\\/\\\/neuro.molecularcodedev.com\\\/fr\\\/#organization\"},\"potentialAction\":[{\"@type\":\"SearchAction\",\"target\":{\"@type\":\"EntryPoint\",\"urlTemplate\":\"https:\\\/\\\/neuro.molecularcodedev.com\\\/fr\\\/?s={search_term_string}\"},\"query-input\":{\"@type\":\"PropertyValueSpecification\",\"valueRequired\":true,\"valueName\":\"search_term_string\"}}],\"inLanguage\":\"fr-FR\"},{\"@type\":\"Organization\",\"@id\":\"https:\\\/\\\/neuro.molecularcodedev.com\\\/fr\\\/#organization\",\"name\":\"Neuropsy Sanitas\",\"url\":\"https:\\\/\\\/neuro.molecularcodedev.com\\\/fr\\\/\",\"logo\":{\"@type\":\"ImageObject\",\"inLanguage\":\"fr-FR\",\"@id\":\"https:\\\/\\\/neuro.molecularcodedev.com\\\/fr\\\/#\\\/schema\\\/logo\\\/image\\\/\",\"url\":\"https:\\\/\\\/neuro.molecularcodedev.com\\\/wp-content\\\/uploads\\\/2023\\\/12\\\/header-logo.png\",\"contentUrl\":\"https:\\\/\\\/neuro.molecularcodedev.com\\\/wp-content\\\/uploads\\\/2023\\\/12\\\/header-logo.png\",\"width\":500,\"height\":115,\"caption\":\"Neuropsy Sanitas\"},\"image\":{\"@id\":\"https:\\\/\\\/neuro.molecularcodedev.com\\\/fr\\\/#\\\/schema\\\/logo\\\/image\\\/\"}}]}<\/script>\n<!-- \/ Yoast SEO plugin. -->","yoast_head_json":{"title":"Contact - Neuropsy Sanitas","robots":{"index":"noindex","follow":"follow","max-snippet":"max-snippet:-1","max-image-preview":"max-image-preview:large","max-video-preview":"max-video-preview:-1"},"og_locale":"fr_FR","og_type":"article","og_title":"Contact - Neuropsy Sanitas","og_description":"N\u2019h\u00e9sitez pas \u00e0 nous contacter ou \u00e0 prendre rendez-vous d\u00e8s maintenant !T\u00e9l\u00e9phone :(514) 424-7095 Emplacement :Complexe de Sant\u00e9 Reine Elizabeth, suite 3432100 Av. de Marlowe,Montr\u00e9al, QCH4A 3L5 Westmount\/ NDGStationnement payant disponible pr\u00e8s de l\u2019entr\u00e9e du 2111 avenue de Northcliffe2 minutes de marche du m\u00e9tro et de la station de train Vend\u00f4meLignes d\u2019autobus STM proches : [&hellip;]","og_url":"https:\/\/neuro.molecularcodedev.com\/fr\/contactez-nous\/","og_site_name":"Neuropsy Sanitas","article_modified_time":"2025-08-25T18:36:22+00:00","og_image":[{"width":38,"height":50,"url":"https:\/\/neuro.molecularcodedev.com\/wp-content\/uploads\/2024\/02\/metro_Montreal.jpg","type":"image\/jpeg"}],"twitter_card":"summary_large_image","twitter_misc":{"Dur\u00e9e de lecture estim\u00e9e":"5 minutes"},"schema":{"@context":"https:\/\/schema.org","@graph":[{"@type":"WebPage","@id":"https:\/\/neuro.molecularcodedev.com\/fr\/contactez-nous\/","url":"https:\/\/neuro.molecularcodedev.com\/fr\/contactez-nous\/","name":"Contact - Neuropsy Sanitas","isPartOf":{"@id":"https:\/\/neuro.molecularcodedev.com\/fr\/#website"},"primaryImageOfPage":{"@id":"https:\/\/neuro.molecularcodedev.com\/fr\/contactez-nous\/#primaryimage"},"image":{"@id":"https:\/\/neuro.molecularcodedev.com\/fr\/contactez-nous\/#primaryimage"},"thumbnailUrl":"https:\/\/neuro.molecularcodedev.com\/wp-content\/uploads\/2024\/02\/metro_Montreal.jpg","datePublished":"2023-12-01T18:55:48+00:00","dateModified":"2025-08-25T18:36:22+00:00","breadcrumb":{"@id":"https:\/\/neuro.molecularcodedev.com\/fr\/contactez-nous\/#breadcrumb"},"inLanguage":"fr-FR","potentialAction":[{"@type":"ReadAction","target":["https:\/\/neuro.molecularcodedev.com\/fr\/contactez-nous\/"]}]},{"@type":"ImageObject","inLanguage":"fr-FR","@id":"https:\/\/neuro.molecularcodedev.com\/fr\/contactez-nous\/#primaryimage","url":"https:\/\/neuro.molecularcodedev.com\/wp-content\/uploads\/2024\/02\/metro_Montreal.jpg","contentUrl":"https:\/\/neuro.molecularcodedev.com\/wp-content\/uploads\/2024\/02\/metro_Montreal.jpg"},{"@type":"BreadcrumbList","@id":"https:\/\/neuro.molecularcodedev.com\/fr\/contactez-nous\/#breadcrumb","itemListElement":[{"@type":"ListItem","position":1,"name":"Home","item":"https:\/\/neuro.molecularcodedev.com\/fr\/"},{"@type":"ListItem","position":2,"name":"Contact"}]},{"@type":"WebSite","@id":"https:\/\/neuro.molecularcodedev.com\/fr\/#website","url":"https:\/\/neuro.molecularcodedev.com\/fr\/","name":"Neuropsy Sanitas","description":"Activating Potential","publisher":{"@id":"https:\/\/neuro.molecularcodedev.com\/fr\/#organization"},"potentialAction":[{"@type":"SearchAction","target":{"@type":"EntryPoint","urlTemplate":"https:\/\/neuro.molecularcodedev.com\/fr\/?s={search_term_string}"},"query-input":{"@type":"PropertyValueSpecification","valueRequired":true,"valueName":"search_term_string"}}],"inLanguage":"fr-FR"},{"@type":"Organization","@id":"https:\/\/neuro.molecularcodedev.com\/fr\/#organization","name":"Neuropsy Sanitas","url":"https:\/\/neuro.molecularcodedev.com\/fr\/","logo":{"@type":"ImageObject","inLanguage":"fr-FR","@id":"https:\/\/neuro.molecularcodedev.com\/fr\/#\/schema\/logo\/image\/","url":"https:\/\/neuro.molecularcodedev.com\/wp-content\/uploads\/2023\/12\/header-logo.png","contentUrl":"https:\/\/neuro.molecularcodedev.com\/wp-content\/uploads\/2023\/12\/header-logo.png","width":500,"height":115,"caption":"Neuropsy Sanitas"},"image":{"@id":"https:\/\/neuro.molecularcodedev.com\/fr\/#\/schema\/logo\/image\/"}}]}},"_links":{"self":[{"href":"https:\/\/neuro.molecularcodedev.com\/fr\/wp-json\/wp\/v2\/pages\/819","targetHints":{"allow":["GET"]}}],"collection":[{"href":"https:\/\/neuro.molecularcodedev.com\/fr\/wp-json\/wp\/v2\/pages"}],"about":[{"href":"https:\/\/neuro.molecularcodedev.com\/fr\/wp-json\/wp\/v2\/types\/page"}],"author":[{"embeddable":true,"href":"https:\/\/neuro.molecularcodedev.com\/fr\/wp-json\/wp\/v2\/users\/1"}],"replies":[{"embeddable":true,"href":"https:\/\/neuro.molecularcodedev.com\/fr\/wp-json\/wp\/v2\/comments?post=819"}],"version-history":[{"count":8,"href":"https:\/\/neuro.molecularcodedev.com\/fr\/wp-json\/wp\/v2\/pages\/819\/revisions"}],"predecessor-version":[{"id":953,"href":"https:\/\/neuro.molecularcodedev.com\/fr\/wp-json\/wp\/v2\/pages\/819\/revisions\/953"}],"wp:attachment":[{"href":"https:\/\/neuro.molecularcodedev.com\/fr\/wp-json\/wp\/v2\/media?parent=819"}],"curies":[{"name":"wp","href":"https:\/\/api.w.org\/{rel}","templated":true}]}}