{"id":789,"date":"2023-12-01T13:55:11","date_gmt":"2023-12-01T18:55:11","guid":{"rendered":"https:\/\/neuro.molecularcodedev.com\/about\/"},"modified":"2025-08-26T12:11:08","modified_gmt":"2025-08-26T16:11:08","slug":"a-propos","status":"publish","type":"page","link":"https:\/\/neuro.molecularcodedev.com\/fr\/a-propos\/","title":{"rendered":"\u00c0 propos"},"content":{"rendered":"<p>[et_pb_section fb_built=\u00a0\u00bb1&Prime; _builder_version=\u00a0\u00bb4.24.2&Prime; _module_preset=\u00a0\u00bbdefault\u00a0\u00bb background_color=\u00a0\u00bb#ecf2f6&Prime; da_disable_devices=\u00a0\u00bboff|off|off\u00a0\u00bb global_colors_info=\u00a0\u00bb{}\u00a0\u00bb da_is_popup=\u00a0\u00bboff\u00a0\u00bb da_exit_intent=\u00a0\u00bboff\u00a0\u00bb da_has_close=\u00a0\u00bbon\u00a0\u00bb da_alt_close=\u00a0\u00bboff\u00a0\u00bb da_dark_close=\u00a0\u00bboff\u00a0\u00bb da_not_modal=\u00a0\u00bbon\u00a0\u00bb da_is_singular=\u00a0\u00bboff\u00a0\u00bb da_with_loader=\u00a0\u00bboff\u00a0\u00bb da_has_shadow=\u00a0\u00bbon\u00a0\u00bb][et_pb_row _builder_version=\u00a0\u00bb4.23.1&Prime; _module_preset=\u00a0\u00bbdefault\u00a0\u00bb global_colors_info=\u00a0\u00bb{}\u00a0\u00bb][et_pb_column type=\u00a0\u00bb4_4&Prime; _builder_version=\u00a0\u00bb4.23.1&Prime; _module_preset=\u00a0\u00bbdefault\u00a0\u00bb global_colors_info=\u00a0\u00bb{}\u00a0\u00bb][et_pb_heading title=\u00a0\u00bb\u00c0 Propos\u00a0\u00bb _builder_version=\u00a0\u00bb4.27.4&Prime; _module_preset=\u00a0\u00bbdefault\u00a0\u00bb title_font=\u00a0\u00bb|||||on|||\u00a0\u00bb title_text_align=\u00a0\u00bbleft\u00a0\u00bb title_text_color=\u00a0\u00bb#2A363B\u00a0\u00bb global_colors_info=\u00a0\u00bb{}\u00a0\u00bb][\/et_pb_heading][et_pb_text _builder_version=\u00a0\u00bb4.27.4&Prime; _module_preset=\u00a0\u00bbdefault\u00a0\u00bb global_colors_info=\u00a0\u00bb{}\u00a0\u00bb]<\/p>\n<p><img loading=\"lazy\" decoding=\"async\" src=\"https:\/\/neuro.molecularcodedev.com\/wp-content\/uploads\/2025\/07\/about-us-group-cropped.jpg\" width=\"800\" height=\"250\" alt=\"Team sitting at a table\" class=\"wp-image-763 alignright size-full\" srcset=\"https:\/\/neuro.molecularcodedev.com\/wp-content\/uploads\/2025\/07\/about-us-group-cropped.jpg 800w, https:\/\/neuro.molecularcodedev.com\/wp-content\/uploads\/2025\/07\/about-us-group-cropped-480x150.jpg 480w\" sizes=\"(min-width: 0px) and (max-width: 480px) 480px, (min-width: 481px) 800px, 100vw\" \/>Nous sommes une \u00e9quipe de neuropsychologues et psychologues d\u2019exp\u00e9rience, professionnels et bilingues. Nous croyons que la sant\u00e9 mentale ne devrait pas \u00eatre un privil\u00e8ge mais bien un besoin humain de base.<\/p>\n<p>Nous sommes tous membres de l\u2019Ordre des Psychologues du Qu\u00e9bec et nous fournissons des re\u00e7us officiels pour vos assurances.<\/p>\n<p>Nous avons chacun notre parcours de vie et notre lot d\u2019exp\u00e9riences, mais nous nous connaissons depuis des ann\u00e9es, appr\u00e9cions travailler ensemble, avons des expertises compl\u00e9mentaires, et partageons les m\u00eames valeurs et vision de nos soins pour nos clients, soit: approches cliniques bas\u00e9es sur des donn\u00e9es scientifiques probantes, d\u00e9vouement, int\u00e9grit\u00e9, authenticit\u00e9, compassion, et respect.<\/p>\n<p>Nous sommes situ\u00e9s au c\u0153ur des quartiers NDG et Westmount (sur la rue qui s\u00e9pare les deux quartiers) dans le Complexe de Sant\u00e9 Reine Elizabeth, un \u00e9difice historique facilement accessible par transports en commun ou en voiture (stationnement payant disponible). Nos bureaux accueillants ont \u00e9t\u00e9 am\u00e9nag\u00e9s de sorte \u00e0 mettre \u00e0 l\u2019aise nos clients apr\u00e8s qu\u2019ils aient pris la brave d\u00e9cision de venir nous consulter.<\/p>\n<p>Nous nous ferons un plaisir de vous rencontrer \u00e0 la Clinique NEUROPSY SANITAS !<\/p>\n<p>[\/et_pb_text][\/et_pb_column][\/et_pb_row][et_pb_row _builder_version=\u00a0\u00bb4.27.4&Prime; _module_preset=\u00a0\u00bbdefault\u00a0\u00bb hover_enabled=\u00a0\u00bb0&Prime; global_colors_info=\u00a0\u00bb{}\u00a0\u00bb sticky_enabled=\u00a0\u00bb0&Prime;][et_pb_column type=\u00a0\u00bb4_4&Prime; _builder_version=\u00a0\u00bb4.27.4&Prime; _module_preset=\u00a0\u00bbdefault\u00a0\u00bb global_colors_info=\u00a0\u00bb{}\u00a0\u00bb][et_pb_code _builder_version=\u00a0\u00bb4.27.4&Prime; _module_preset=\u00a0\u00bbdefault\u00a0\u00bb hover_enabled=\u00a0\u00bb0&Prime; global_colors_info=\u00a0\u00bb{}\u00a0\u00bb module_class=\u00a0\u00bbfullGallery\u00a0\u00bb sticky_enabled=\u00a0\u00bb0&Prime;]<img fetchpriority=\"high\" decoding=\"async\" src=\"https:\/\/neuro.molecularcodedev.com\/wp-content\/uploads\/2025\/03\/Office343-533.jpg\" alt=\"Neuropsy Sanitas office\" class=\"wp-image-400 alignleft\" height=\"273\" width=\"411\"><img fetchpriority=\"high\" decoding=\"async\" src=\"https:\/\/neuro.molecularcodedev.com\/wp-content\/uploads\/2025\/03\/Office402-533.jpg\" alt=\"Neuropsy Sanitas office\" class=\"wp-image-402\" height=\"273\" width=\"654\"><img style=\"padding-top:9px;\" fetchpriority=\"high\" decoding=\"async\" src=\"https:\/\/neuro.molecularcodedev.com\/wp-content\/uploads\/2025\/03\/Office416-533.jpg\" alt=\"Neuropsy Sanitas office\" class=\"wp-image-403 alignleft\" height=\"273\" width=\"654\"><img style=\"padding-top:9px;\" fetchpriority=\"high\" decoding=\"async\" src=\"https:\/\/neuro.molecularcodedev.com\/wp-content\/uploads\/2025\/03\/Building-533.jpg\" alt=\"Neuropsy Sanitas office\" class=\"wp-image-404\" height=\"273\" width=\"411\">[\/et_pb_code][et_pb_gallery _builder_version=\u00a0\u00bb4.27.4&Prime; _module_preset=\u00a0\u00bbdefault\u00a0\u00bb show_title_and_caption=\u00a0\u00bboff\u00a0\u00bb show_pagination=\u00a0\u00bboff\u00a0\u00bb custom_margin=\u00a0\u00bb0px|0px|0px|0px|true|true\u00a0\u00bb custom_padding=\u00a0\u00bb0px|0px|0px|0px|true|true\u00a0\u00bb module_class=\u00a0\u00bbsmallerGallery\u00a0\u00bb locked=\u00a0\u00bboff\u00a0\u00bb gallery_ids=\u00a0\u00bb700,702,704,698&Prime; hover_enabled=\u00a0\u00bb0&Prime; sticky_enabled=\u00a0\u00bb0&Prime;][\/et_pb_gallery][\/et_pb_column][\/et_pb_row][\/et_pb_section][et_pb_section fb_built=\u00a0\u00bb1&Prime; _builder_version=\u00a0\u00bb4.25.1&Prime; _module_preset=\u00a0\u00bbdefault\u00a0\u00bb use_background_color_gradient=\u00a0\u00bbon\u00a0\u00bb background_color_gradient_stops=\u00a0\u00bbrgba(161,189,208,0.8) 0%|rgba(161,189,208,0.8) 100%\u00a0\u00bb background_color_gradient_overlays_image=\u00a0\u00bbon\u00a0\u00bb background_image=\u00a0\u00bbhttps:\/\/neuro.molecularcodedev.com\/wp-content\/uploads\/2024\/06\/qe-1200.jpg\u00a0\u00bb parallax=\u00a0\u00bbon\u00a0\u00bb custom_margin=\u00a0\u00bb||||false|false\u00a0\u00bb custom_padding=\u00a0\u00bb100px||99px||false|false\u00a0\u00bb da_disable_devices=\u00a0\u00bboff|off|off\u00a0\u00bb global_colors_info=\u00a0\u00bb{}\u00a0\u00bb da_is_popup=\u00a0\u00bboff\u00a0\u00bb da_exit_intent=\u00a0\u00bboff\u00a0\u00bb da_has_close=\u00a0\u00bbon\u00a0\u00bb da_alt_close=\u00a0\u00bboff\u00a0\u00bb da_dark_close=\u00a0\u00bboff\u00a0\u00bb da_not_modal=\u00a0\u00bbon\u00a0\u00bb da_is_singular=\u00a0\u00bboff\u00a0\u00bb da_with_loader=\u00a0\u00bboff\u00a0\u00bb da_has_shadow=\u00a0\u00bbon\u00a0\u00bb][et_pb_row _builder_version=\u00a0\u00bb4.23.1&Prime; _module_preset=\u00a0\u00bbdefault\u00a0\u00bb custom_margin=\u00a0\u00bb||||false|false\u00a0\u00bb global_colors_info=\u00a0\u00bb{}\u00a0\u00bb][et_pb_column type=\u00a0\u00bb4_4&Prime; _builder_version=\u00a0\u00bb4.23.1&Prime; _module_preset=\u00a0\u00bbdefault\u00a0\u00bb global_colors_info=\u00a0\u00bb{}\u00a0\u00bb][et_pb_heading title=\u00a0\u00bbAvez-vous des questions ?\u00a0\u00bb _builder_version=\u00a0\u00bb4.27.4&Prime; _module_preset=\u00a0\u00bbdefault\u00a0\u00bb title_level=\u00a0\u00bbh2&Prime; title_font=\u00a0\u00bb|||||on|||\u00a0\u00bb title_text_color=\u00a0\u00bb#2A363B\u00a0\u00bb title_font_size=\u00a0\u00bb50px\u00a0\u00bb title_line_height=\u00a0\u00bb1.4em\u00a0\u00bb custom_padding=\u00a0\u00bb||||false|false\u00a0\u00bb global_colors_info=\u00a0\u00bb{}\u00a0\u00bb][\/et_pb_heading][et_pb_button button_url=\u00a0\u00bb\/fr\/contactez-nous\/\u00a0\u00bb button_text=\u00a0\u00bbDemandez-nous maintenant\u00a0\u00bb _builder_version=\u00a0\u00bb4.27.4&Prime; _module_preset=\u00a0\u00bbdefault\u00a0\u00bb custom_padding=\u00a0\u00bb10px|20px|10px|20px|false|false\u00a0\u00bb global_colors_info=\u00a0\u00bb{}\u00a0\u00bb][\/et_pb_button][\/et_pb_column][\/et_pb_row][\/et_pb_section]<\/p>\n","protected":false},"excerpt":{"rendered":"<p>Nous sommes une \u00e9quipe de neuropsychologues et psychologues d\u2019exp\u00e9rience, professionnels et bilingues. Nous croyons que la sant\u00e9 mentale ne devrait pas \u00eatre un privil\u00e8ge mais bien un besoin humain de base. Nous sommes tous membres de l\u2019Ordre des Psychologues du Qu\u00e9bec et nous fournissons des re\u00e7us officiels pour vos assurances. Nous avons chacun notre parcours [&hellip;]<\/p>\n","protected":false},"author":1,"featured_media":0,"parent":0,"menu_order":10,"comment_status":"closed","ping_status":"closed","template":"","meta":{"_et_pb_use_builder":"on","_et_pb_old_content":"","_et_gb_content_width":"","footnotes":""},"class_list":["post-789","page","type-page","status-publish","hentry"],"yoast_head":"<!-- This site is optimized with the Yoast SEO plugin v27.3 - https:\/\/yoast.com\/product\/yoast-seo-wordpress\/ -->\n<title>\u00c0 propos - Neuropsy Sanitas<\/title>\n<meta name=\"robots\" content=\"noindex, follow, max-snippet:-1, max-image-preview:large, max-video-preview:-1\" \/>\n<meta property=\"og:locale\" content=\"fr_FR\" \/>\n<meta property=\"og:type\" content=\"article\" \/>\n<meta property=\"og:title\" content=\"\u00c0 propos - Neuropsy Sanitas\" \/>\n<meta property=\"og:description\" content=\"Nous sommes une \u00e9quipe de neuropsychologues et psychologues d\u2019exp\u00e9rience, professionnels et bilingues. Nous croyons que la sant\u00e9 mentale ne devrait pas \u00eatre un privil\u00e8ge mais bien un besoin humain de base. Nous sommes tous membres de l\u2019Ordre des Psychologues du Qu\u00e9bec et nous fournissons des re\u00e7us officiels pour vos assurances. Nous avons chacun notre parcours [&hellip;]\" \/>\n<meta property=\"og:url\" content=\"https:\/\/neuro.molecularcodedev.com\/fr\/a-propos\/\" \/>\n<meta property=\"og:site_name\" content=\"Neuropsy Sanitas\" \/>\n<meta property=\"article:modified_time\" content=\"2025-08-26T16:11:08+00:00\" \/>\n<meta property=\"og:image\" content=\"https:\/\/neuro.molecularcodedev.com\/wp-content\/uploads\/2025\/07\/about-us-group-cropped.jpg\" \/>\n\t<meta property=\"og:image:width\" content=\"800\" \/>\n\t<meta property=\"og:image:height\" content=\"250\" \/>\n\t<meta property=\"og:image:type\" content=\"image\/jpeg\" \/>\n<meta name=\"twitter:card\" content=\"summary_large_image\" \/>\n<meta name=\"twitter:label1\" content=\"Dur\u00e9e de lecture estim\u00e9e\" \/>\n\t<meta name=\"twitter:data1\" content=\"2 minutes\" \/>\n<script type=\"application\/ld+json\" class=\"yoast-schema-graph\">{\"@context\":\"https:\\\/\\\/schema.org\",\"@graph\":[{\"@type\":\"WebPage\",\"@id\":\"https:\\\/\\\/neuro.molecularcodedev.com\\\/fr\\\/a-propos\\\/\",\"url\":\"https:\\\/\\\/neuro.molecularcodedev.com\\\/fr\\\/a-propos\\\/\",\"name\":\"\u00c0 propos - Neuropsy Sanitas\",\"isPartOf\":{\"@id\":\"https:\\\/\\\/neuro.molecularcodedev.com\\\/fr\\\/#website\"},\"primaryImageOfPage\":{\"@id\":\"https:\\\/\\\/neuro.molecularcodedev.com\\\/fr\\\/a-propos\\\/#primaryimage\"},\"image\":{\"@id\":\"https:\\\/\\\/neuro.molecularcodedev.com\\\/fr\\\/a-propos\\\/#primaryimage\"},\"thumbnailUrl\":\"https:\\\/\\\/neuro.molecularcodedev.com\\\/wp-content\\\/uploads\\\/2025\\\/07\\\/about-us-group-cropped.jpg\",\"datePublished\":\"2023-12-01T18:55:11+00:00\",\"dateModified\":\"2025-08-26T16:11:08+00:00\",\"breadcrumb\":{\"@id\":\"https:\\\/\\\/neuro.molecularcodedev.com\\\/fr\\\/a-propos\\\/#breadcrumb\"},\"inLanguage\":\"fr-FR\",\"potentialAction\":[{\"@type\":\"ReadAction\",\"target\":[\"https:\\\/\\\/neuro.molecularcodedev.com\\\/fr\\\/a-propos\\\/\"]}]},{\"@type\":\"ImageObject\",\"inLanguage\":\"fr-FR\",\"@id\":\"https:\\\/\\\/neuro.molecularcodedev.com\\\/fr\\\/a-propos\\\/#primaryimage\",\"url\":\"https:\\\/\\\/neuro.molecularcodedev.com\\\/wp-content\\\/uploads\\\/2025\\\/07\\\/about-us-group-cropped.jpg\",\"contentUrl\":\"https:\\\/\\\/neuro.molecularcodedev.com\\\/wp-content\\\/uploads\\\/2025\\\/07\\\/about-us-group-cropped.jpg\"},{\"@type\":\"BreadcrumbList\",\"@id\":\"https:\\\/\\\/neuro.molecularcodedev.com\\\/fr\\\/a-propos\\\/#breadcrumb\",\"itemListElement\":[{\"@type\":\"ListItem\",\"position\":1,\"name\":\"Home\",\"item\":\"https:\\\/\\\/neuro.molecularcodedev.com\\\/fr\\\/\"},{\"@type\":\"ListItem\",\"position\":2,\"name\":\"\u00c0 propos\"}]},{\"@type\":\"WebSite\",\"@id\":\"https:\\\/\\\/neuro.molecularcodedev.com\\\/fr\\\/#website\",\"url\":\"https:\\\/\\\/neuro.molecularcodedev.com\\\/fr\\\/\",\"name\":\"Neuropsy Sanitas\",\"description\":\"Activating Potential\",\"publisher\":{\"@id\":\"https:\\\/\\\/neuro.molecularcodedev.com\\\/fr\\\/#organization\"},\"potentialAction\":[{\"@type\":\"SearchAction\",\"target\":{\"@type\":\"EntryPoint\",\"urlTemplate\":\"https:\\\/\\\/neuro.molecularcodedev.com\\\/fr\\\/?s={search_term_string}\"},\"query-input\":{\"@type\":\"PropertyValueSpecification\",\"valueRequired\":true,\"valueName\":\"search_term_string\"}}],\"inLanguage\":\"fr-FR\"},{\"@type\":\"Organization\",\"@id\":\"https:\\\/\\\/neuro.molecularcodedev.com\\\/fr\\\/#organization\",\"name\":\"Neuropsy Sanitas\",\"url\":\"https:\\\/\\\/neuro.molecularcodedev.com\\\/fr\\\/\",\"logo\":{\"@type\":\"ImageObject\",\"inLanguage\":\"fr-FR\",\"@id\":\"https:\\\/\\\/neuro.molecularcodedev.com\\\/fr\\\/#\\\/schema\\\/logo\\\/image\\\/\",\"url\":\"https:\\\/\\\/neuro.molecularcodedev.com\\\/wp-content\\\/uploads\\\/2023\\\/12\\\/header-logo.png\",\"contentUrl\":\"https:\\\/\\\/neuro.molecularcodedev.com\\\/wp-content\\\/uploads\\\/2023\\\/12\\\/header-logo.png\",\"width\":500,\"height\":115,\"caption\":\"Neuropsy Sanitas\"},\"image\":{\"@id\":\"https:\\\/\\\/neuro.molecularcodedev.com\\\/fr\\\/#\\\/schema\\\/logo\\\/image\\\/\"}}]}<\/script>\n<!-- \/ Yoast SEO plugin. -->","yoast_head_json":{"title":"\u00c0 propos - Neuropsy Sanitas","robots":{"index":"noindex","follow":"follow","max-snippet":"max-snippet:-1","max-image-preview":"max-image-preview:large","max-video-preview":"max-video-preview:-1"},"og_locale":"fr_FR","og_type":"article","og_title":"\u00c0 propos - Neuropsy Sanitas","og_description":"Nous sommes une \u00e9quipe de neuropsychologues et psychologues d\u2019exp\u00e9rience, professionnels et bilingues. Nous croyons que la sant\u00e9 mentale ne devrait pas \u00eatre un privil\u00e8ge mais bien un besoin humain de base. Nous sommes tous membres de l\u2019Ordre des Psychologues du Qu\u00e9bec et nous fournissons des re\u00e7us officiels pour vos assurances. Nous avons chacun notre parcours [&hellip;]","og_url":"https:\/\/neuro.molecularcodedev.com\/fr\/a-propos\/","og_site_name":"Neuropsy Sanitas","article_modified_time":"2025-08-26T16:11:08+00:00","og_image":[{"width":800,"height":250,"url":"https:\/\/neuro.molecularcodedev.com\/wp-content\/uploads\/2025\/07\/about-us-group-cropped.jpg","type":"image\/jpeg"}],"twitter_card":"summary_large_image","twitter_misc":{"Dur\u00e9e de lecture estim\u00e9e":"2 minutes"},"schema":{"@context":"https:\/\/schema.org","@graph":[{"@type":"WebPage","@id":"https:\/\/neuro.molecularcodedev.com\/fr\/a-propos\/","url":"https:\/\/neuro.molecularcodedev.com\/fr\/a-propos\/","name":"\u00c0 propos - Neuropsy Sanitas","isPartOf":{"@id":"https:\/\/neuro.molecularcodedev.com\/fr\/#website"},"primaryImageOfPage":{"@id":"https:\/\/neuro.molecularcodedev.com\/fr\/a-propos\/#primaryimage"},"image":{"@id":"https:\/\/neuro.molecularcodedev.com\/fr\/a-propos\/#primaryimage"},"thumbnailUrl":"https:\/\/neuro.molecularcodedev.com\/wp-content\/uploads\/2025\/07\/about-us-group-cropped.jpg","datePublished":"2023-12-01T18:55:11+00:00","dateModified":"2025-08-26T16:11:08+00:00","breadcrumb":{"@id":"https:\/\/neuro.molecularcodedev.com\/fr\/a-propos\/#breadcrumb"},"inLanguage":"fr-FR","potentialAction":[{"@type":"ReadAction","target":["https:\/\/neuro.molecularcodedev.com\/fr\/a-propos\/"]}]},{"@type":"ImageObject","inLanguage":"fr-FR","@id":"https:\/\/neuro.molecularcodedev.com\/fr\/a-propos\/#primaryimage","url":"https:\/\/neuro.molecularcodedev.com\/wp-content\/uploads\/2025\/07\/about-us-group-cropped.jpg","contentUrl":"https:\/\/neuro.molecularcodedev.com\/wp-content\/uploads\/2025\/07\/about-us-group-cropped.jpg"},{"@type":"BreadcrumbList","@id":"https:\/\/neuro.molecularcodedev.com\/fr\/a-propos\/#breadcrumb","itemListElement":[{"@type":"ListItem","position":1,"name":"Home","item":"https:\/\/neuro.molecularcodedev.com\/fr\/"},{"@type":"ListItem","position":2,"name":"\u00c0 propos"}]},{"@type":"WebSite","@id":"https:\/\/neuro.molecularcodedev.com\/fr\/#website","url":"https:\/\/neuro.molecularcodedev.com\/fr\/","name":"Neuropsy Sanitas","description":"Activating Potential","publisher":{"@id":"https:\/\/neuro.molecularcodedev.com\/fr\/#organization"},"potentialAction":[{"@type":"SearchAction","target":{"@type":"EntryPoint","urlTemplate":"https:\/\/neuro.molecularcodedev.com\/fr\/?s={search_term_string}"},"query-input":{"@type":"PropertyValueSpecification","valueRequired":true,"valueName":"search_term_string"}}],"inLanguage":"fr-FR"},{"@type":"Organization","@id":"https:\/\/neuro.molecularcodedev.com\/fr\/#organization","name":"Neuropsy Sanitas","url":"https:\/\/neuro.molecularcodedev.com\/fr\/","logo":{"@type":"ImageObject","inLanguage":"fr-FR","@id":"https:\/\/neuro.molecularcodedev.com\/fr\/#\/schema\/logo\/image\/","url":"https:\/\/neuro.molecularcodedev.com\/wp-content\/uploads\/2023\/12\/header-logo.png","contentUrl":"https:\/\/neuro.molecularcodedev.com\/wp-content\/uploads\/2023\/12\/header-logo.png","width":500,"height":115,"caption":"Neuropsy Sanitas"},"image":{"@id":"https:\/\/neuro.molecularcodedev.com\/fr\/#\/schema\/logo\/image\/"}}]}},"_links":{"self":[{"href":"https:\/\/neuro.molecularcodedev.com\/fr\/wp-json\/wp\/v2\/pages\/789","targetHints":{"allow":["GET"]}}],"collection":[{"href":"https:\/\/neuro.molecularcodedev.com\/fr\/wp-json\/wp\/v2\/pages"}],"about":[{"href":"https:\/\/neuro.molecularcodedev.com\/fr\/wp-json\/wp\/v2\/types\/page"}],"author":[{"embeddable":true,"href":"https:\/\/neuro.molecularcodedev.com\/fr\/wp-json\/wp\/v2\/users\/1"}],"replies":[{"embeddable":true,"href":"https:\/\/neuro.molecularcodedev.com\/fr\/wp-json\/wp\/v2\/comments?post=789"}],"version-history":[{"count":6,"href":"https:\/\/neuro.molecularcodedev.com\/fr\/wp-json\/wp\/v2\/pages\/789\/revisions"}],"predecessor-version":[{"id":1102,"href":"https:\/\/neuro.molecularcodedev.com\/fr\/wp-json\/wp\/v2\/pages\/789\/revisions\/1102"}],"wp:attachment":[{"href":"https:\/\/neuro.molecularcodedev.com\/fr\/wp-json\/wp\/v2\/media?parent=789"}],"curies":[{"name":"wp","href":"https:\/\/api.w.org\/{rel}","templated":true}]}}