{"id":780,"date":"2023-12-01T13:54:30","date_gmt":"2023-12-01T18:54:30","guid":{"rendered":"https:\/\/neuro.molecularcodedev.com\/home\/"},"modified":"2025-08-31T14:06:53","modified_gmt":"2025-08-31T18:06:53","slug":"home","status":"publish","type":"page","link":"https:\/\/neuro.molecularcodedev.com\/fr\/","title":{"rendered":"Acceuil"},"content":{"rendered":"<p>[et_pb_section fb_built=\u00a0\u00bb1&Prime; _builder_version=\u00a0\u00bb4.27.4&Prime; _module_preset=\u00a0\u00bbdefault\u00a0\u00bb background_color=\u00a0\u00bbrgba(215,234,242,0.08)\u00a0\u00bb use_background_color_gradient=\u00a0\u00bbon\u00a0\u00bb background_color_gradient_stops=\u00a0\u00bbrgba(161,189,208,0.1) 0%|rgba(161,189,208,0.1) 100%\u00a0\u00bb background_color_gradient_overlays_image=\u00a0\u00bbon\u00a0\u00bb background_image=\u00a0\u00bbhttps:\/\/neuro.molecularcodedev.com\/wp-content\/uploads\/2024\/04\/sunset-min.jpeg\u00a0\u00bb module_alignment=\u00a0\u00bbcenter\u00a0\u00bb min_height=\u00a0\u00bb380px\u00a0\u00bb custom_padding=\u00a0\u00bb0px||||false|false\u00a0\u00bb hover_enabled=\u00a0\u00bb0&Prime; da_disable_devices=\u00a0\u00bboff|off|off\u00a0\u00bb global_colors_info=\u00a0\u00bb{}\u00a0\u00bb sticky_enabled=\u00a0\u00bb0&Prime; height=\u00a0\u00bb100vh\u00a0\u00bb background_position=\u00a0\u00bbtop_center\u00a0\u00bb custom_margin=\u00a0\u00bb||||false|false\u00a0\u00bb da_is_popup=\u00a0\u00bboff\u00a0\u00bb da_exit_intent=\u00a0\u00bboff\u00a0\u00bb da_has_close=\u00a0\u00bbon\u00a0\u00bb da_alt_close=\u00a0\u00bboff\u00a0\u00bb da_dark_close=\u00a0\u00bboff\u00a0\u00bb da_not_modal=\u00a0\u00bbon\u00a0\u00bb da_is_singular=\u00a0\u00bboff\u00a0\u00bb da_with_loader=\u00a0\u00bboff\u00a0\u00bb da_has_shadow=\u00a0\u00bbon\u00a0\u00bb][et_pb_row _builder_version=\u00a0\u00bb4.27.4&Prime; _module_preset=\u00a0\u00bbdefault\u00a0\u00bb custom_margin=\u00a0\u00bb|auto||auto|true|true\u00a0\u00bb hover_enabled=\u00a0\u00bb0&Prime; global_colors_info=\u00a0\u00bb{}\u00a0\u00bb sticky_enabled=\u00a0\u00bb0&Prime; custom_padding=\u00a0\u00bb10vh||||false|false\u00a0\u00bb][et_pb_column type=\u00a0\u00bb4_4&Prime; _builder_version=\u00a0\u00bb4.24.3&Prime; _module_preset=\u00a0\u00bbdefault\u00a0\u00bb global_colors_info=\u00a0\u00bb{}\u00a0\u00bb][et_pb_heading title=\u00a0\u00bbClinique de Neuropsychologie \u00e0 Westmount\/NDG\u00a0\u00bb _builder_version=\u00a0\u00bb4.27.4&Prime; _module_preset=\u00a0\u00bbdefault\u00a0\u00bb title_font=\u00a0\u00bbMontserrat|600|||||||\u00a0\u00bb title_text_align=\u00a0\u00bbcenter\u00a0\u00bb title_text_color=\u00a0\u00bb#FFFFFF\u00a0\u00bb title_font_size=\u00a0\u00bb40px\u00a0\u00bb title_line_height=\u00a0\u00bb1.2em\u00a0\u00bb hover_enabled=\u00a0\u00bb0&Prime; global_colors_info=\u00a0\u00bb{}\u00a0\u00bb sticky_enabled=\u00a0\u00bb0&Prime;][\/et_pb_heading][\/et_pb_column][\/et_pb_row][\/et_pb_section][et_pb_section fb_built=\u00a0\u00bb1&Prime; _builder_version=\u00a0\u00bb4.24.2&Prime; _module_preset=\u00a0\u00bbdefault\u00a0\u00bb background_color=\u00a0\u00bb#ecf2f6&Prime; custom_padding=\u00a0\u00bb60px|||0px|false|false\u00a0\u00bb da_disable_devices=\u00a0\u00bboff|off|off\u00a0\u00bb global_colors_info=\u00a0\u00bb{}\u00a0\u00bb da_is_popup=\u00a0\u00bboff\u00a0\u00bb da_exit_intent=\u00a0\u00bboff\u00a0\u00bb da_has_close=\u00a0\u00bbon\u00a0\u00bb da_alt_close=\u00a0\u00bboff\u00a0\u00bb da_dark_close=\u00a0\u00bboff\u00a0\u00bb da_not_modal=\u00a0\u00bbon\u00a0\u00bb da_is_singular=\u00a0\u00bboff\u00a0\u00bb da_with_loader=\u00a0\u00bboff\u00a0\u00bb da_has_shadow=\u00a0\u00bbon\u00a0\u00bb][et_pb_row _builder_version=\u00a0\u00bb4.23.1&Prime; _module_preset=\u00a0\u00bbdefault\u00a0\u00bb global_colors_info=\u00a0\u00bb{}\u00a0\u00bb][et_pb_column type=\u00a0\u00bb4_4&Prime; _builder_version=\u00a0\u00bb4.23.1&Prime; _module_preset=\u00a0\u00bbdefault\u00a0\u00bb global_colors_info=\u00a0\u00bb{}\u00a0\u00bb][et_pb_heading title=\u00a0\u00bbDes services de grande qualit\u00e9 offerts avec d\u00e9vouement et compassion par une \u00e9quipe d\u2019experts.\u00a0\u00bb _builder_version=\u00a0\u00bb4.27.4&Prime; _module_preset=\u00a0\u00bbdefault\u00a0\u00bb title_level=\u00a0\u00bbh2&Prime; title_font_size=\u00a0\u00bb26px\u00a0\u00bb global_colors_info=\u00a0\u00bb{}\u00a0\u00bb][\/et_pb_heading][et_pb_image src=\u00a0\u00bbhttps:\/\/neuro.molecularcodedev.com\/wp-content\/uploads\/2025\/03\/Home-page-maybe-min.jpg\u00a0\u00bb alt=\u00a0\u00bbTeam sitting at a table\u00a0\u00bb title_text=\u00a0\u00bbHome page maybe-min\u00a0\u00bb _builder_version=\u00a0\u00bb4.27.4&Prime; _module_preset=\u00a0\u00bbdefault\u00a0\u00bb global_colors_info=\u00a0\u00bb{}\u00a0\u00bb][\/et_pb_image][\/et_pb_column][\/et_pb_row][et_pb_row column_structure=\u00a0\u00bb1_2,1_2&Prime; _builder_version=\u00a0\u00bb4.23.1&Prime; _module_preset=\u00a0\u00bbdefault\u00a0\u00bb global_colors_info=\u00a0\u00bb{}\u00a0\u00bb][et_pb_column type=\u00a0\u00bb1_2&Prime; _builder_version=\u00a0\u00bb4.23.1&Prime; _module_preset=\u00a0\u00bbdefault\u00a0\u00bb global_colors_info=\u00a0\u00bb{}\u00a0\u00bb][et_pb_heading title=\u00a0\u00bb\u00c9valuation Neuropsychologique\u00a0\u00bb _builder_version=\u00a0\u00bb4.27.4&Prime; _module_preset=\u00a0\u00bbdefault\u00a0\u00bb title_level=\u00a0\u00bbh3&Prime; title_font=\u00a0\u00bb|||||on|||\u00a0\u00bb title_text_align=\u00a0\u00bbcenter\u00a0\u00bb title_text_color=\u00a0\u00bb#2A363B\u00a0\u00bb title_font_size=\u00a0\u00bb26px\u00a0\u00bb title_letter_spacing=\u00a0\u00bb2px\u00a0\u00bb title_line_height=\u00a0\u00bb1.4em\u00a0\u00bb custom_margin=\u00a0\u00bb0px|0px|0px|0px|false|false\u00a0\u00bb custom_padding=\u00a0\u00bb|0px||0px|false|false\u00a0\u00bb global_colors_info=\u00a0\u00bb{}\u00a0\u00bb][\/et_pb_heading][et_pb_image src=\u00a0\u00bbhttps:\/\/neuro.molecularcodedev.com\/wp-content\/uploads\/2025\/07\/Neuropsychological-Assessments-250-cropped.jpg\u00a0\u00bb alt=\u00a0\u00bbNeuropsychological Assessments\u00a0\u00bb title_text=\u00a0\u00bbNeuropsychological-Assessments-250-cropped\u00a0\u00bb force_fullwidth=\u00a0\u00bbon\u00a0\u00bb _builder_version=\u00a0\u00bb4.27.4&Prime; _module_preset=\u00a0\u00bbdefault\u00a0\u00bb global_colors_info=\u00a0\u00bb{}\u00a0\u00bb][\/et_pb_image][et_pb_text _builder_version=\u00a0\u00bb4.27.4&Prime; _module_preset=\u00a0\u00bbdefault\u00a0\u00bb text_text_color=\u00a0\u00bb#2A363B\u00a0\u00bb text_orientation=\u00a0\u00bbcenter\u00a0\u00bb global_colors_info=\u00a0\u00bb{}\u00a0\u00bb]<\/p>\n<p>Ce type d\u2019\u00e9valuation vous offre de l\u2019information pr\u00e9cieuse et empouvoirante sur la mani\u00e8re dont votre cerveau fonctionne et ses implications dans votre vie. Elle permet aussi de vous outiller et de vous guider pour am\u00e9liorer vote qualit\u00e9 de vie et votre sant\u00e9.<\/p>\n<p>[\/et_pb_text][et_pb_button button_url=\u00a0\u00bb\/fr\/services\/#neuro\u00a0\u00bb button_text=\u00a0\u00bbEn savoir plus\u00a0\u00bb button_alignment=\u00a0\u00bbcenter\u00a0\u00bb _builder_version=\u00a0\u00bb4.27.4&Prime; _module_preset=\u00a0\u00bbdefault\u00a0\u00bb global_colors_info=\u00a0\u00bb{}\u00a0\u00bb][\/et_pb_button][\/et_pb_column][et_pb_column type=\u00a0\u00bb1_2&Prime; _builder_version=\u00a0\u00bb4.23.1&Prime; _module_preset=\u00a0\u00bbdefault\u00a0\u00bb global_colors_info=\u00a0\u00bb{}\u00a0\u00bb][et_pb_heading title=\u00a0\u00bbPsychoth\u00e9rapie\u00a0\u00bb _builder_version=\u00a0\u00bb4.27.4&Prime; _module_preset=\u00a0\u00bbdefault\u00a0\u00bb title_level=\u00a0\u00bbh3&Prime; title_font=\u00a0\u00bb|||||on|||\u00a0\u00bb title_text_align=\u00a0\u00bbcenter\u00a0\u00bb title_text_color=\u00a0\u00bb#2A363B\u00a0\u00bb title_font_size=\u00a0\u00bb26px\u00a0\u00bb title_letter_spacing=\u00a0\u00bb2px\u00a0\u00bb title_line_height=\u00a0\u00bb1.4em\u00a0\u00bb custom_margin=\u00a0\u00bb0px|0px|0px|0px|true|false\u00a0\u00bb custom_padding=\u00a0\u00bb|0px||0px|false|false\u00a0\u00bb global_colors_info=\u00a0\u00bb{}\u00a0\u00bb][\/et_pb_heading][et_pb_image src=\u00a0\u00bbhttps:\/\/neuro.molecularcodedev.com\/wp-content\/uploads\/2025\/05\/Image9-cropped-250.jpg\u00a0\u00bb alt=\u00a0\u00bbPsychotherapy consult\u00a0\u00bb title_text=\u00a0\u00bbImage9-cropped-250&Prime; force_fullwidth=\u00a0\u00bbon\u00a0\u00bb _builder_version=\u00a0\u00bb4.27.4&Prime; _module_preset=\u00a0\u00bbdefault\u00a0\u00bb global_colors_info=\u00a0\u00bb{}\u00a0\u00bb][\/et_pb_image][et_pb_text _builder_version=\u00a0\u00bb4.27.4&Prime; _module_preset=\u00a0\u00bbdefault\u00a0\u00bb text_text_color=\u00a0\u00bb#2A363B\u00a0\u00bb text_orientation=\u00a0\u00bbcenter\u00a0\u00bb global_colors_info=\u00a0\u00bb{}\u00a0\u00bb]<\/p>\n<p>Ce processus est bas\u00e9 sur un travail d\u2019\u00e9quipe entre vous et votre psychologue. C\u2019est une fa\u00e7on instructive et empouvoirante de d\u00e9couvrir qui vous \u00eates r\u00e9ellement tout en vous outillant et en vous guidant dans le but d\u2019am\u00e9liorer vote qualit\u00e9 de vie et votre sant\u00e9.<\/p>\n<p>[\/et_pb_text][et_pb_button button_url=\u00a0\u00bbhttp:\/\/fr\/\/services\/#psychotherapie\u00a0\u00bb button_text=\u00a0\u00bbEn savior plus\u00a0\u00bb button_alignment=\u00a0\u00bbcenter\u00a0\u00bb _builder_version=\u00a0\u00bb4.27.4&Prime; _module_preset=\u00a0\u00bbdefault\u00a0\u00bb global_colors_info=\u00a0\u00bb{}\u00a0\u00bb][\/et_pb_button][\/et_pb_column][\/et_pb_row][\/et_pb_section]<\/p>\n","protected":false},"excerpt":{"rendered":"<p>Ce type d\u2019\u00e9valuation vous offre de l\u2019information pr\u00e9cieuse et empouvoirante sur la mani\u00e8re dont votre cerveau fonctionne et ses implications dans votre vie. Elle permet aussi de vous outiller et de vous guider pour am\u00e9liorer vote qualit\u00e9 de vie et votre sant\u00e9.Ce processus est bas\u00e9 sur un travail d\u2019\u00e9quipe entre vous et votre psychologue. C\u2019est [&hellip;]<\/p>\n","protected":false},"author":1,"featured_media":0,"parent":0,"menu_order":0,"comment_status":"closed","ping_status":"closed","template":"","meta":{"_et_pb_use_builder":"on","_et_pb_old_content":"","_et_gb_content_width":"","footnotes":""},"class_list":["post-780","page","type-page","status-publish","hentry"],"yoast_head":"<!-- This site is optimized with the Yoast SEO plugin v27.3 - https:\/\/yoast.com\/product\/yoast-seo-wordpress\/ -->\n<title>Acceuil - Neuropsy Sanitas<\/title>\n<meta name=\"robots\" content=\"noindex, follow, max-snippet:-1, max-image-preview:large, max-video-preview:-1\" \/>\n<meta property=\"og:locale\" content=\"fr_FR\" \/>\n<meta property=\"og:type\" content=\"article\" \/>\n<meta property=\"og:title\" content=\"Acceuil - Neuropsy Sanitas\" \/>\n<meta property=\"og:description\" content=\"Ce type d\u2019\u00e9valuation vous offre de l\u2019information pr\u00e9cieuse et empouvoirante sur la mani\u00e8re dont votre cerveau fonctionne et ses implications dans votre vie. Elle permet aussi de vous outiller et de vous guider pour am\u00e9liorer vote qualit\u00e9 de vie et votre sant\u00e9.Ce processus est bas\u00e9 sur un travail d\u2019\u00e9quipe entre vous et votre psychologue. C\u2019est [&hellip;]\" \/>\n<meta property=\"og:url\" content=\"https:\/\/neuro.molecularcodedev.com\/fr\/\" \/>\n<meta property=\"og:site_name\" content=\"Neuropsy Sanitas\" \/>\n<meta property=\"article:modified_time\" content=\"2025-08-31T18:06:53+00:00\" \/>\n<meta name=\"twitter:card\" content=\"summary_large_image\" \/>\n<meta name=\"twitter:label1\" content=\"Dur\u00e9e de lecture estim\u00e9e\" \/>\n\t<meta name=\"twitter:data1\" content=\"2 minutes\" \/>\n<script type=\"application\/ld+json\" class=\"yoast-schema-graph\">{\"@context\":\"https:\\\/\\\/schema.org\",\"@graph\":[{\"@type\":\"WebPage\",\"@id\":\"https:\\\/\\\/neuro.molecularcodedev.com\\\/fr\\\/\",\"url\":\"https:\\\/\\\/neuro.molecularcodedev.com\\\/fr\\\/\",\"name\":\"Acceuil - Neuropsy Sanitas\",\"isPartOf\":{\"@id\":\"https:\\\/\\\/neuro.molecularcodedev.com\\\/fr\\\/#website\"},\"datePublished\":\"2023-12-01T18:54:30+00:00\",\"dateModified\":\"2025-08-31T18:06:53+00:00\",\"breadcrumb\":{\"@id\":\"https:\\\/\\\/neuro.molecularcodedev.com\\\/fr\\\/#breadcrumb\"},\"inLanguage\":\"fr-FR\",\"potentialAction\":[{\"@type\":\"ReadAction\",\"target\":[\"https:\\\/\\\/neuro.molecularcodedev.com\\\/fr\\\/\"]}]},{\"@type\":\"BreadcrumbList\",\"@id\":\"https:\\\/\\\/neuro.molecularcodedev.com\\\/fr\\\/#breadcrumb\",\"itemListElement\":[{\"@type\":\"ListItem\",\"position\":1,\"name\":\"Home\",\"item\":\"https:\\\/\\\/neuro.molecularcodedev.com\\\/fr\\\/\"},{\"@type\":\"ListItem\",\"position\":2,\"name\":\"Acceuil\"}]},{\"@type\":\"WebSite\",\"@id\":\"https:\\\/\\\/neuro.molecularcodedev.com\\\/fr\\\/#website\",\"url\":\"https:\\\/\\\/neuro.molecularcodedev.com\\\/fr\\\/\",\"name\":\"Neuropsy Sanitas\",\"description\":\"Activating Potential\",\"publisher\":{\"@id\":\"https:\\\/\\\/neuro.molecularcodedev.com\\\/fr\\\/#organization\"},\"potentialAction\":[{\"@type\":\"SearchAction\",\"target\":{\"@type\":\"EntryPoint\",\"urlTemplate\":\"https:\\\/\\\/neuro.molecularcodedev.com\\\/fr\\\/?s={search_term_string}\"},\"query-input\":{\"@type\":\"PropertyValueSpecification\",\"valueRequired\":true,\"valueName\":\"search_term_string\"}}],\"inLanguage\":\"fr-FR\"},{\"@type\":\"Organization\",\"@id\":\"https:\\\/\\\/neuro.molecularcodedev.com\\\/fr\\\/#organization\",\"name\":\"Neuropsy Sanitas\",\"url\":\"https:\\\/\\\/neuro.molecularcodedev.com\\\/fr\\\/\",\"logo\":{\"@type\":\"ImageObject\",\"inLanguage\":\"fr-FR\",\"@id\":\"https:\\\/\\\/neuro.molecularcodedev.com\\\/fr\\\/#\\\/schema\\\/logo\\\/image\\\/\",\"url\":\"https:\\\/\\\/neuro.molecularcodedev.com\\\/wp-content\\\/uploads\\\/2023\\\/12\\\/header-logo.png\",\"contentUrl\":\"https:\\\/\\\/neuro.molecularcodedev.com\\\/wp-content\\\/uploads\\\/2023\\\/12\\\/header-logo.png\",\"width\":500,\"height\":115,\"caption\":\"Neuropsy Sanitas\"},\"image\":{\"@id\":\"https:\\\/\\\/neuro.molecularcodedev.com\\\/fr\\\/#\\\/schema\\\/logo\\\/image\\\/\"}}]}<\/script>\n<!-- \/ Yoast SEO plugin. -->","yoast_head_json":{"title":"Acceuil - Neuropsy Sanitas","robots":{"index":"noindex","follow":"follow","max-snippet":"max-snippet:-1","max-image-preview":"max-image-preview:large","max-video-preview":"max-video-preview:-1"},"og_locale":"fr_FR","og_type":"article","og_title":"Acceuil - Neuropsy Sanitas","og_description":"Ce type d\u2019\u00e9valuation vous offre de l\u2019information pr\u00e9cieuse et empouvoirante sur la mani\u00e8re dont votre cerveau fonctionne et ses implications dans votre vie. Elle permet aussi de vous outiller et de vous guider pour am\u00e9liorer vote qualit\u00e9 de vie et votre sant\u00e9.Ce processus est bas\u00e9 sur un travail d\u2019\u00e9quipe entre vous et votre psychologue. C\u2019est [&hellip;]","og_url":"https:\/\/neuro.molecularcodedev.com\/fr\/","og_site_name":"Neuropsy Sanitas","article_modified_time":"2025-08-31T18:06:53+00:00","twitter_card":"summary_large_image","twitter_misc":{"Dur\u00e9e de lecture estim\u00e9e":"2 minutes"},"schema":{"@context":"https:\/\/schema.org","@graph":[{"@type":"WebPage","@id":"https:\/\/neuro.molecularcodedev.com\/fr\/","url":"https:\/\/neuro.molecularcodedev.com\/fr\/","name":"Acceuil - Neuropsy Sanitas","isPartOf":{"@id":"https:\/\/neuro.molecularcodedev.com\/fr\/#website"},"datePublished":"2023-12-01T18:54:30+00:00","dateModified":"2025-08-31T18:06:53+00:00","breadcrumb":{"@id":"https:\/\/neuro.molecularcodedev.com\/fr\/#breadcrumb"},"inLanguage":"fr-FR","potentialAction":[{"@type":"ReadAction","target":["https:\/\/neuro.molecularcodedev.com\/fr\/"]}]},{"@type":"BreadcrumbList","@id":"https:\/\/neuro.molecularcodedev.com\/fr\/#breadcrumb","itemListElement":[{"@type":"ListItem","position":1,"name":"Home","item":"https:\/\/neuro.molecularcodedev.com\/fr\/"},{"@type":"ListItem","position":2,"name":"Acceuil"}]},{"@type":"WebSite","@id":"https:\/\/neuro.molecularcodedev.com\/fr\/#website","url":"https:\/\/neuro.molecularcodedev.com\/fr\/","name":"Neuropsy Sanitas","description":"Activating Potential","publisher":{"@id":"https:\/\/neuro.molecularcodedev.com\/fr\/#organization"},"potentialAction":[{"@type":"SearchAction","target":{"@type":"EntryPoint","urlTemplate":"https:\/\/neuro.molecularcodedev.com\/fr\/?s={search_term_string}"},"query-input":{"@type":"PropertyValueSpecification","valueRequired":true,"valueName":"search_term_string"}}],"inLanguage":"fr-FR"},{"@type":"Organization","@id":"https:\/\/neuro.molecularcodedev.com\/fr\/#organization","name":"Neuropsy Sanitas","url":"https:\/\/neuro.molecularcodedev.com\/fr\/","logo":{"@type":"ImageObject","inLanguage":"fr-FR","@id":"https:\/\/neuro.molecularcodedev.com\/fr\/#\/schema\/logo\/image\/","url":"https:\/\/neuro.molecularcodedev.com\/wp-content\/uploads\/2023\/12\/header-logo.png","contentUrl":"https:\/\/neuro.molecularcodedev.com\/wp-content\/uploads\/2023\/12\/header-logo.png","width":500,"height":115,"caption":"Neuropsy Sanitas"},"image":{"@id":"https:\/\/neuro.molecularcodedev.com\/fr\/#\/schema\/logo\/image\/"}}]}},"_links":{"self":[{"href":"https:\/\/neuro.molecularcodedev.com\/fr\/wp-json\/wp\/v2\/pages\/780","targetHints":{"allow":["GET"]}}],"collection":[{"href":"https:\/\/neuro.molecularcodedev.com\/fr\/wp-json\/wp\/v2\/pages"}],"about":[{"href":"https:\/\/neuro.molecularcodedev.com\/fr\/wp-json\/wp\/v2\/types\/page"}],"author":[{"embeddable":true,"href":"https:\/\/neuro.molecularcodedev.com\/fr\/wp-json\/wp\/v2\/users\/1"}],"replies":[{"embeddable":true,"href":"https:\/\/neuro.molecularcodedev.com\/fr\/wp-json\/wp\/v2\/comments?post=780"}],"version-history":[{"count":11,"href":"https:\/\/neuro.molecularcodedev.com\/fr\/wp-json\/wp\/v2\/pages\/780\/revisions"}],"predecessor-version":[{"id":1219,"href":"https:\/\/neuro.molecularcodedev.com\/fr\/wp-json\/wp\/v2\/pages\/780\/revisions\/1219"}],"wp:attachment":[{"href":"https:\/\/neuro.molecularcodedev.com\/fr\/wp-json\/wp\/v2\/media?parent=780"}],"curies":[{"name":"wp","href":"https:\/\/api.w.org\/{rel}","templated":true}]}}